{"id":9250,"date":"2019-05-10T14:40:15","date_gmt":"2019-05-10T12:40:15","guid":{"rendered":"https:\/\/euhera.com\/ev\/"},"modified":"2025-01-17T07:44:39","modified_gmt":"2025-01-17T06:44:39","slug":"ev","status":"publish","type":"page","link":"https:\/\/euhera.com\/tr\/","title":{"rendered":"Ev"},"content":{"rendered":"<section class=\"l-section wpb_row height_custom color_primary with_shape\"><div class=\"l-section-shape type_zigzag pos_bottom\" style=\"height:15vmin;\"><svg xmlns=\"http:\/\/www.w3.org\/2000\/svg\" viewBox=\"0 0 64 8\" preserveAspectRatio=\"none\" width=\"100%\" height=\"100%\">\r\n\t<path fill=\"currentColor\" d=\"M64 8 L0 8 L0 0 L20 7.9 L40 3 L48 5 L64 0 Z\"\/>\r\n<\/svg><\/div><div class=\"l-section-h i-cf\"><div class=\"g-cols vc_row via_grid cols_1 laptops-cols_inherit tablets-cols_inherit mobiles-cols_1 valign_top type_default stacking_default\"><div class=\"wpb_column vc_column_container\"><div class=\"vc_column-inner\"><h1 class=\"w-itext us_custom_d0512b8a type_typingChars align_center\" onclick='return {&quot;duration&quot;:150,&quot;delay&quot;:2000,&quot;disablePartAnimation&quot;:false,&quot;html_nbsp_char&quot;:true}'>Yurt\u00a0d\u0131\u015f\u0131ndan\u00a0gelen\u00a0yeni\u00a0bak\u0131c\u0131lar\u0131n\u0131z<\/h1><div class=\"w-separator size_small\"><\/div><div class=\"w-btn-wrapper align_center\"><a class=\"w-btn us-btn-style_4 us_custom_e7f3983f\" href=\"#features\"><span class=\"w-btn-label\">Euhera kimdir<\/span><\/a><\/div><div class=\"w-separator size_custom\" style=\"height:12vh\"><\/div><\/div><\/div><\/div><\/div><\/section><section class=\"l-section wpb_row height_custom\" id=\"features\"><div class=\"l-section-h i-cf\"><div class=\"g-cols vc_row via_grid cols_4 laptops-cols_inherit tablets-cols_2 mobiles-cols_1 valign_top type_default stacking_default\"><div class=\"wpb_column vc_column_container\"><div class=\"vc_column-inner\"><div class=\"w-iconbox iconpos_top style_default color_primary align_left\"><a href=\"#first\" class=\"w-iconbox-link\" aria-label=\"Sa\u011fl\u0131k sekt\u00f6r\u00fcnde i\u015fe al\u0131m\"><div class=\"w-iconbox-icon\" style=\"font-size:3.3rem;\"><i class=\"fal fa-fas fa-hospital-user\"><\/i><\/div><\/a><div class=\"w-iconbox-meta\"><h2 class=\"w-iconbox-title\" style=\"font-size:1.5rem;\"><a href=\"#first\" class=\"w-iconbox-link\" aria-label=\"Sa\u011fl\u0131k sekt\u00f6r\u00fcnde i\u015fe al\u0131m\">Sa\u011fl\u0131k sekt\u00f6r\u00fcnde i\u015fe al\u0131m<\/a><\/h2><div class=\"w-iconbox-text\"><p>EUHERA, hastanelere, bak\u0131mevlerine ve grup muayenehanelerine \u00f6zelle\u015ftirilmi\u015f personel sa\u011flamak amac\u0131yla T\u00fcrkiye&#8217;den ve di\u011fer \u00fclkelerden nitelikli sa\u011fl\u0131k personelini \u00f6zel olarak belirlemektedir.<\/p>\n<\/div><\/div><\/div><\/div><\/div><div class=\"wpb_column vc_column_container\"><div class=\"vc_column-inner\"><div class=\"w-iconbox iconpos_top style_default color_primary align_left\"><a href=\"#second\" class=\"w-iconbox-link\" aria-label=\"Dil ve uzmanl\u0131k kurslar\u0131\"><div class=\"w-iconbox-icon\" style=\"font-size:3.3rem;\"><i class=\"fal fa-as fa-language\"><\/i><\/div><\/a><div class=\"w-iconbox-meta\"><h2 class=\"w-iconbox-title\" style=\"font-size:1.5rem;\"><a href=\"#second\" class=\"w-iconbox-link\" aria-label=\"Dil ve uzmanl\u0131k kurslar\u0131\">Dil ve uzmanl\u0131k kurslar\u0131<\/a><\/h2><div class=\"w-iconbox-text\"><p>EUHERA, dil enstit\u00fcleri ve uzmanl\u0131k okullar\u0131 ile i\u015fbirli\u011fi yaparak yabanc\u0131 uzmanlar\u0131 Avrupa sa\u011fl\u0131k hizmetleri pazar\u0131n\u0131n dilsel, k\u00fclt\u00fcrel ve mesleki zorluklar\u0131na en iyi \u015fekilde haz\u0131rlamaktad\u0131r.<\/p>\n<\/div><\/div><\/div><\/div><\/div><div class=\"wpb_column vc_column_container\"><div class=\"vc_column-inner\"><div class=\"w-iconbox iconpos_top style_default color_primary align_left\"><a href=\"#third\" class=\"w-iconbox-link\" aria-label=\"Entegrasyon ve i\u015fe al\u0131m programlar\u0131\"><div class=\"w-iconbox-icon\" style=\"font-size:3.3rem;\"><i class=\"fal fa-fas fa-puzzle-piece\"><\/i><\/div><\/a><div class=\"w-iconbox-meta\"><h2 class=\"w-iconbox-title\" style=\"font-size:1.5rem;\"><a href=\"#third\" class=\"w-iconbox-link\" aria-label=\"Entegrasyon ve i\u015fe al\u0131m programlar\u0131\">Entegrasyon ve i\u015fe al\u0131m programlar\u0131<\/a><\/h2><div class=\"w-iconbox-text\"><p>EUHERA, i\u015fe yerle\u015ftirmenin yan\u0131 s\u0131ra mesleki ve sosyal entegrasyona y\u00f6nelik kapsaml\u0131 programlar da sunmaktad\u0131r. Bunlar aras\u0131nda mentorluk konseptleri, k\u00fclt\u00fcrleraras\u0131 e\u011fitim ve i\u015fverenler ile \u00e7al\u0131\u015fanlar aras\u0131nda d\u00fczenli geri bildirim toplant\u0131lar\u0131 yer almaktad\u0131r.<\/p>\n<\/div><\/div><\/div><\/div><\/div><div class=\"wpb_column vc_column_container\"><div class=\"vc_column-inner\"><div class=\"w-iconbox iconpos_top style_default color_primary align_left\"><a href=\"#fourth\" class=\"w-iconbox-link\" aria-label=\"Sa\u011fl\u0131k hizmeti sa\u011flay\u0131c\u0131lar\u0131 i\u00e7in tavsiyeler\"><div class=\"w-iconbox-icon\" style=\"font-size:3.3rem;\"><i class=\"fal fa-solid fa-hand-holding-medical\"><\/i><\/div><\/a><div class=\"w-iconbox-meta\"><h2 class=\"w-iconbox-title\" style=\"font-size:1.5rem;\"><a href=\"#fourth\" class=\"w-iconbox-link\" aria-label=\"Sa\u011fl\u0131k hizmeti sa\u011flay\u0131c\u0131lar\u0131 i\u00e7in tavsiyeler\">Sa\u011fl\u0131k hizmeti sa\u011flay\u0131c\u0131lar\u0131 i\u00e7in tavsiyeler<\/a><\/h2><div class=\"w-iconbox-text\"><p>EUHERA, klinikleri, bak\u0131m tesislerini ve di\u011fer t\u0131bbi kurumlar\u0131 personel stratejileri, ihtiya\u00e7 odakl\u0131 planlamalar\u0131 ve kendi i\u015fg\u00fc\u00e7lerinin uzun vadeli geli\u015fimi konusunda desteklemektedir.<\/p>\n<\/div><\/div><\/div><\/div><\/div><\/div><\/div><\/section><section class=\"l-section wpb_row height_custom width_custom\" style=\"--site-content-width:1400px;\" id=\"first\"><div class=\"l-section-h i-cf\"><div class=\"g-cols vc_row via_grid cols_1 laptops-cols_inherit tablets-cols_inherit mobiles-cols_1 valign_top type_default stacking_default\"><div class=\"wpb_column vc_column_container\"><div class=\"vc_column-inner\"><div class=\"wpb_text_column\"><div class=\"wpb_wrapper\"><h2 style=\"text-align: center;\">Ortaklar\u0131m\u0131z<\/h2>\n<\/div><\/div><div class=\"w-separator size_large\"><\/div><div class=\"w-grid us_post_list type_metro layout_portfolio_4 preload_style_spinner ratio_1x1\" id=\"us_post_list_t52f\" style=\"--gap:5px;--item-ratio:1;\" data-filterable=\"true\"><style>.layout_portfolio_4 .w-grid-item-h{}.layout_portfolio_4 .usg_post_image_1{transition-duration:0.3s;transform-origin:50% 50%;transform:scale(1) translate(0%,0%)}.layout_portfolio_4 .w-grid-item-h:focus-within .usg_post_image_1,.layout_portfolio_4 .w-grid-item-h:hover .usg_post_image_1{transform:scale(1) translate(0%,0%);opacity:0.1}.layout_portfolio_4 .usg_post_title_1{transition-duration:0.3s;transform-origin:50% 50%;transform:scale(1) translate(0%,-40px);opacity:0}.layout_portfolio_4 .w-grid-item-h:focus-within .usg_post_title_1,.layout_portfolio_4 .w-grid-item-h:hover .usg_post_title_1{transform:scale(1) translate(0%,0%);opacity:1}.layout_portfolio_4 .usg_post_taxonomy_1{transition-duration:0.3s;transform-origin:50% 50%;transform:scale(1) translate(0%,-20px);opacity:0}.layout_portfolio_4 .w-grid-item-h:focus-within .usg_post_taxonomy_1,.layout_portfolio_4 .w-grid-item-h:hover .usg_post_taxonomy_1{transform:scale(1) translate(0%,0%);opacity:0.75}.layout_portfolio_4 .usg_post_image_1{position:absolute!important;top:0!important;right:0!important;bottom:0!important;left:0!important}.layout_portfolio_4 .usg_vwrapper_1{position:absolute!important;top:0!important;right:0!important;bottom:0!important;left:0!important;padding:2rem!important}.layout_portfolio_4 .usg_post_title_1{color:inherit!important;font-size:1.4rem!important}<\/style><div class=\"w-grid-list\">\t<article class=\"w-grid-item size_1x1 post-9514 us_portfolio type-us_portfolio status-publish has-post-thumbnail hentry us_portfolio_category-klinik\" data-id=\"9514\">\r\n\t\t<div class=\"w-grid-item-h\">\r\n\t\t\t\t\t\t\t<a href=\"https:\/\/euhera.com\/tr\/partner\/elbe-kliniken-stade-buxtehude-gmbh\/\" class=\"w-grid-item-anchor\" aria-label=\"Elbe Kliniken Stade-Buxtehude GmbH\"><\/a>\r\n\t\t\t\t\t\t<div class=\"w-post-elm post_image usg_post_image_1 stretched\"><img loading=\"lazy\" decoding=\"async\" width=\"680\" height=\"454\" src=\"https:\/\/euhera.com\/wp-content\/uploads\/2014\/04\/Elbe-Klinikum-Stade.jpg\" class=\"attachment-large size-large wp-post-image\" alt=\"\" srcset=\"https:\/\/euhera.com\/wp-content\/uploads\/2014\/04\/Elbe-Klinikum-Stade.jpg 680w, https:\/\/euhera.com\/wp-content\/uploads\/2014\/04\/Elbe-Klinikum-Stade-300x200.jpg 300w, https:\/\/euhera.com\/wp-content\/uploads\/2014\/04\/Elbe-Klinikum-Stade-500x334.jpg 500w\" sizes=\"auto, (max-width: 680px) 100vw, 680px\" \/><\/div><div class=\"w-vwrapper usg_vwrapper_1 align_none valign_bottom\"><h2 class=\"w-post-elm post_title usg_post_title_1 has_text_color entry-title color_link_inherit\">Elbe Kliniken Stade-Buxtehude GmbH<\/h2><div class=\"w-post-elm post_taxonomy usg_post_taxonomy_1 style_simple color_link_inherit\"><span class=\"term-74 term-klinik\">Klinik<\/span><\/div><\/div>\t\t<\/div>\r\n\t\t\t<\/article>\r\n\t<article class=\"w-grid-item size_1x1 post-9265 us_portfolio type-us_portfolio status-publish has-post-thumbnail hentry us_portfolio_category-klinik\" data-id=\"9265\">\r\n\t\t<div class=\"w-grid-item-h\">\r\n\t\t\t\t\t\t\t<a href=\"https:\/\/euhera.com\/tr\/partner\/ostemed-klinik-bremervoerde\/\" class=\"w-grid-item-anchor\" aria-label=\"OsteMed Klinik Bremerv\u00f6rde\"><\/a>\r\n\t\t\t\t\t\t<div class=\"w-post-elm post_image usg_post_image_1 stretched\"><img loading=\"lazy\" decoding=\"async\" width=\"680\" height=\"454\" src=\"https:\/\/euhera.com\/wp-content\/uploads\/2014\/04\/OsteMed-Klinik-Bremervoerde.jpg\" class=\"attachment-large size-large wp-post-image\" alt=\"OsteMed Klinik Bremerv\u00f6rde\" srcset=\"https:\/\/euhera.com\/wp-content\/uploads\/2014\/04\/OsteMed-Klinik-Bremervoerde.jpg 680w, https:\/\/euhera.com\/wp-content\/uploads\/2014\/04\/OsteMed-Klinik-Bremervoerde-300x200.jpg 300w\" sizes=\"auto, (max-width: 680px) 100vw, 680px\" \/><\/div><div class=\"w-vwrapper usg_vwrapper_1 align_none valign_bottom\"><h2 class=\"w-post-elm post_title usg_post_title_1 has_text_color entry-title color_link_inherit\">OsteMed Klinik Bremerv\u00f6rde<\/h2><div class=\"w-post-elm post_taxonomy usg_post_taxonomy_1 style_simple color_link_inherit\"><span class=\"term-74 term-klinik\">Klinik<\/span><\/div><\/div>\t\t<\/div>\r\n\t\t\t<\/article>\r\n<\/div><div class=\"g-loadmore hidden\"><div class=\"g-preloader type_1\"><div><\/div><\/div><\/div><div class=\"w-grid-list-json hidden\" onclick='return {&quot;max_num_pages&quot;:0,&quot;pagination&quot;:&quot;none&quot;,&quot;paged&quot;:1,&quot;ajaxData&quot;:{&quot;action&quot;:&quot;us_ajax_post_list&quot;,&quot;meta_type&quot;:&quot;post&quot;,&quot;object_id&quot;:0,&quot;template_vars&quot;:{&quot;paged&quot;:1,&quot;max_num_pages&quot;:0,&quot;no_results&quot;:false,&quot;source&quot;:&quot;all&quot;,&quot;ids&quot;:&quot;&quot;,&quot;post_type&quot;:&quot;us_portfolio&quot;,&quot;attachment_ids&quot;:null,&quot;include_post_thumbnail&quot;:0,&quot;post_author&quot;:&quot;any&quot;,&quot;post_author_ids&quot;:&quot;&quot;,&quot;apply_url_params&quot;:0,&quot;exclude_children&quot;:0,&quot;exclude_current_post&quot;:1,&quot;exclude_prev_posts&quot;:0,&quot;enable_items_offset&quot;:0,&quot;items_offset&quot;:&quot;1&quot;,&quot;tax_query_relation&quot;:&quot;none&quot;,&quot;tax_query&quot;:[{&quot;operator&quot;:&quot;IN&quot;,&quot;taxonomy&quot;:&quot;category&quot;,&quot;terms&quot;:&quot;&quot;,&quot;include_children&quot;:0}],&quot;meta_query_relation&quot;:&quot;none&quot;,&quot;meta_query&quot;:[{&quot;key&quot;:&quot;custom_field_name&quot;,&quot;compare&quot;:&quot;=&quot;,&quot;value&quot;:&quot;&quot;}],&quot;orderby&quot;:&quot;date&quot;,&quot;orderby_custom_field&quot;:&quot;&quot;,&quot;orderby_custom_type&quot;:0,&quot;order_invert&quot;:&quot;1&quot;,&quot;show_all&quot;:0,&quot;quantity&quot;:&quot;6&quot;,&quot;no_items_action&quot;:&quot;message&quot;,&quot;no_items_message&quot;:&quot;Herhangi bir sonu\\u00e7 bulunamad\\u0131.&quot;,&quot;no_items_page_block&quot;:&quot;&quot;,&quot;pagination&quot;:&quot;none&quot;,&quot;pagination_style&quot;:&quot;&quot;,&quot;pagination_btn_text&quot;:&quot;Daha fazla&quot;,&quot;pagination_btn_size&quot;:&quot;&quot;,&quot;pagination_btn_style&quot;:&quot;1&quot;,&quot;pagination_btn_fullwidth&quot;:0,&quot;items_layout&quot;:&quot;portfolio_4&quot;,&quot;type&quot;:&quot;metro&quot;,&quot;items_valign&quot;:0,&quot;ignore_items_size&quot;:0,&quot;columns&quot;:&quot;4&quot;,&quot;items_gap&quot;:&quot;5px&quot;,&quot;load_animation&quot;:&quot;none&quot;,&quot;items_preload_style&quot;:&quot;spinner&quot;,&quot;img_size&quot;:&quot;default&quot;,&quot;title_size&quot;:&quot;&quot;,&quot;items_ratio&quot;:&quot;default&quot;,&quot;items_ratio_width&quot;:&quot;21&quot;,&quot;items_ratio_height&quot;:&quot;9&quot;,&quot;overriding_link&quot;:&quot;%7B%22type%22%3A%22post%22%7D&quot;,&quot;popup_width&quot;:&quot;&quot;,&quot;popup_arrows&quot;:1,&quot;breakpoint_1_width&quot;:&quot;1381px&quot;,&quot;breakpoint_1_cols&quot;:&quot;default&quot;,&quot;breakpoint_1_quantity&quot;:&quot;&quot;,&quot;breakpoint_1_gap&quot;:&quot;&quot;,&quot;breakpoint_2_width&quot;:&quot;1025px&quot;,&quot;breakpoint_2_cols&quot;:&quot;2&quot;,&quot;breakpoint_2_quantity&quot;:&quot;&quot;,&quot;breakpoint_2_gap&quot;:&quot;&quot;,&quot;breakpoint_3_width&quot;:&quot;601px&quot;,&quot;breakpoint_3_cols&quot;:&quot;1&quot;,&quot;breakpoint_3_quantity&quot;:&quot;&quot;,&quot;breakpoint_3_gap&quot;:&quot;&quot;,&quot;conditions_operator&quot;:&quot;always&quot;,&quot;conditions&quot;:[],&quot;css&quot;:null,&quot;el_class&quot;:&quot;&quot;,&quot;el_id&quot;:&quot;&quot;,&quot;enable_custom_html_atts&quot;:0,&quot;custom_html_atts&quot;:null,&quot;hide_on_states&quot;:&quot;&quot;,&quot;hide_for_sticky&quot;:0,&quot;hide_for_not_sticky&quot;:0,&quot;hide_below&quot;:&quot;0px&quot;,&quot;hide_above&quot;:&quot;0px&quot;,&quot;classes&quot;:&quot;&quot;}},&quot;facetedFilter&quot;:[]}'><\/div><\/div><div class=\"w-separator size_large\"><\/div><div class=\"w-btn-wrapper align_center\"><a class=\"w-btn us-btn-style_1\" href=\"https:\/\/euhera.com\/tr\/?page_id=9170\"><span class=\"w-btn-label\">T\u00fcm ortaklar\u0131 g\u00f6ster<\/span><\/a><\/div><\/div><\/div><\/div><\/div><\/section><section class=\"l-section wpb_row height_custom color_primary with_img parallax_ver with_shape\" id=\"second\"><div class=\"l-section-img\" role=\"img\" aria-label=\"G\u00f6rsel\" data-img-width=\"1600\" data-img-height=\"1600\" style=\"background-image: url(https:\/\/euhera.com\/wp-content\/uploads\/2023\/10\/us-placeholder-landscape.jpg);\"><\/div><div class=\"l-section-overlay\" style=\"background:rgba(25,25,25,0.51)\"><\/div><div class=\"l-section-shape type_triangle pos_bottom\" style=\"height:15vmin;\"><svg xmlns=\"http:\/\/www.w3.org\/2000\/svg\" viewBox=\"0 0 64 8\" preserveAspectRatio=\"none\" width=\"100%\" height=\"100%\">\r\n\t<path fill=\"currentColor\" d=\"M64 8 L0 8 L0 0 L32 7.9 L64 0 Z\"\/>\r\n<\/svg><\/div><div class=\"l-section-h i-cf\"><div class=\"g-cols vc_row via_grid cols_1 laptops-cols_inherit tablets-cols_inherit mobiles-cols_1 valign_top type_default stacking_default\"><div class=\"wpb_column vc_column_container\"><div class=\"vc_column-inner\"><div class=\"wpb_text_column\"><div class=\"wpb_wrapper\"><h2 style=\"text-align: center;\"><strong>EUHERA<\/strong>. G\u00fcvenilir ve \u015feffaf\u0131z <\/h2>\n<\/div><\/div><div class=\"w-separator size_large\"><\/div><div class=\"g-cols wpb_row via_grid cols_4 laptops-cols_inherit tablets-cols_inherit mobiles-cols_1 valign_top type_default stacking_default\" style=\"--columns-gap:3rem;\"><div class=\"wpb_column vc_column_container\"><div class=\"vc_column-inner\"><div class=\"w-counter us_custom_69e32a11 color_heading align_center has_font_size\" data-duration=\"2\"><div class=\"w-counter-value\"><span class=\"w-counter-value-part type_text\" data-final=\"\"><\/span><span class=\"w-counter-value-part type_number\" data-final=\"3808\">0<\/span><span class=\"w-counter-value-part type_text\" data-final=\"+\">+<\/span><\/div><h3 class=\"w-counter-title\" style=\"font-size:1.2rem;\">Saat Almanca dil kursu<\/h3><\/div><\/div><\/div><div class=\"wpb_column vc_column_container\"><div class=\"vc_column-inner\"><div class=\"w-counter us_custom_69e32a11 color_primary align_center has_font_size\" data-duration=\"2\"><div class=\"w-counter-value\"><span class=\"w-counter-value-part type_text\" data-final=\"\"><\/span><span class=\"w-counter-value-part type_number\" data-final=\"92\">0<\/span><span class=\"w-counter-value-part type_text\" data-final=\"%\">%<\/span><\/div><h3 class=\"w-counter-title\" style=\"font-size:1.2rem;\">Olumlu geri bildirim<\/h3><\/div><\/div><\/div><div class=\"wpb_column vc_column_container\"><div class=\"vc_column-inner\"><div class=\"w-counter us_custom_69e32a11 color_heading align_center has_font_size\" data-duration=\"2\"><div class=\"w-counter-value\"><span class=\"w-counter-value-part type_text\" data-final=\"\"><\/span><span class=\"w-counter-value-part type_number\" data-final=\"17\">0<\/span><span class=\"w-counter-value-part type_text\" data-final=\"\"><\/span><\/div><h3 class=\"w-counter-title\" style=\"font-size:1.2rem;\">Yerle\u015ftirilen bak\u0131c\u0131lar<\/h3><\/div><\/div><\/div><\/div><div class=\"w-separator size_custom\" style=\"height:10vh\"><\/div><\/div><\/div><\/div><\/div><\/section><section class=\"l-section wpb_row height_auto\" id=\"third\"><div class=\"l-section-h i-cf\"><div class=\"g-cols vc_row via_grid cols_1 laptops-cols_inherit tablets-cols_inherit mobiles-cols_1 valign_top type_default stacking_default\"><div class=\"wpb_column vc_column_container\"><div class=\"vc_column-inner\"><div class=\"w-separator size_huge\"><\/div><div class=\"wpb_text_column\"><div class=\"wpb_wrapper\"><h2 style=\"text-align: center;\">Neden <strong>EUHERA&#8217;<\/strong> y\u0131 se\u00e7melisiniz<\/h2>\n<\/div><\/div><div class=\"w-separator size_large\"><\/div><div class=\"g-cols wpb_row via_grid cols_3 laptops-cols_inherit tablets-cols_inherit mobiles-cols_1 valign_top type_default stacking_default\" style=\"--columns-gap:3rem;\"><div class=\"wpb_column vc_column_container\"><div class=\"vc_column-inner\"><div class=\"w-iconbox iconpos_left style_default color_primary align_left\"><div class=\"w-iconbox-icon\" style=\"font-size:2rem;\"><i class=\"far fa-as fa-language\"><\/i><\/div><div class=\"w-iconbox-meta\"><h3 class=\"w-iconbox-title\" style=\"font-size:1.5rem;\">Sertifikal\u0131 dil kursu<\/h3><div class=\"w-iconbox-text\"><p>Mezunlar Goethe-Zertifikat B2 ile bir Almanca kursunu tamamlam\u0131\u015ft\u0131r.<\/p>\n<\/div><\/div><\/div><\/div><\/div><div class=\"wpb_column vc_column_container\"><div class=\"vc_column-inner\"><div class=\"w-iconbox iconpos_left style_default color_primary align_left\"><div class=\"w-iconbox-icon\" style=\"font-size:2rem;\"><i class=\"far fa-fas fa-clipboard-list\"><\/i><\/div><div class=\"w-iconbox-meta\"><h3 class=\"w-iconbox-title\" style=\"font-size:1.5rem;\">Dikkatli \u00f6n se\u00e7im<\/h3><div class=\"w-iconbox-text\"><p>Ba\u015fvuru sahipleriyle y\u00fcz y\u00fcze g\u00f6r\u00fc\u015fmek i\u00e7in d\u00fczenli olarak Antalya&#8217;y\u0131 ziyaret ediyoruz. Bu nedenle ba\u015fvuru sahipleri, ba\u015fvuru ve gereksinim profilinize uygun olarak se\u00e7ilmektedir.<\/p>\n<\/div><\/div><\/div><\/div><\/div><div class=\"wpb_column vc_column_container\"><div class=\"vc_column-inner\"><div class=\"w-iconbox iconpos_left style_default color_primary align_left\"><div class=\"w-iconbox-icon\" style=\"font-size:2rem;\"><i class=\"far fa-fas fa-video\"><\/i><\/div><div class=\"w-iconbox-meta\"><h3 class=\"w-iconbox-title\" style=\"font-size:1.5rem;\">G\u00f6r\u00fcnt\u00fcl\u00fc aramalar<\/h3><div class=\"w-iconbox-text\"><p>Video g\u00f6r\u00fc\u015fmesi s\u0131ras\u0131nda dil becerilerinizi de kontrol ediyoruz. Potansiyel ba\u015fvuru sahiplerinizi video g\u00f6r\u00fc\u015fmesi yoluyla kendiniz de tan\u0131yabilirsiniz.<\/p>\n<\/div><\/div><\/div><\/div><\/div><div class=\"wpb_column vc_column_container\"><div class=\"vc_column-inner\"><div class=\"w-iconbox iconpos_left style_default color_primary align_left\"><div class=\"w-iconbox-icon\" style=\"font-size:2rem;\"><i class=\"far fa-heart\"><\/i><\/div><div class=\"w-iconbox-meta\"><h3 class=\"w-iconbox-title\" style=\"font-size:1.5rem;\">\u00c7ok y\u00f6nl\u00fc destek<\/h3><div class=\"w-iconbox-text\"><p>Giri\u015f ve konaklama organizasyonunun yan\u0131 s\u0131ra di\u011fer b\u00fcrokratik i\u015flerle de ilgileniyoruz.<\/p>\n<\/div><\/div><\/div><\/div><\/div><div class=\"wpb_column vc_column_container\"><div class=\"vc_column-inner\"><div class=\"w-iconbox iconpos_left style_default color_primary align_left\"><div class=\"w-iconbox-icon\" style=\"font-size:2rem;\"><i class=\"far fa-globe\"><\/i><\/div><div class=\"w-iconbox-meta\"><h3 class=\"w-iconbox-title\" style=\"font-size:1.5rem;\">100 \u015eeffaf<\/h3><div class=\"w-iconbox-text\"><p>\u015eeffaf bir \u015fekilde \u00e7al\u0131\u015f\u0131yoruz ve ayr\u0131ca \u00e7al\u0131\u015fmalar\u0131m\u0131z\u0131 onaylayan sertifikalar \u00fczerinde \u00e7al\u0131\u015f\u0131yoruz.<\/p>\n<\/div><\/div><\/div><\/div><\/div><div class=\"wpb_column vc_column_container\"><div class=\"vc_column-inner\"><div class=\"w-iconbox iconpos_left style_default color_primary align_left\"><div class=\"w-iconbox-icon\" style=\"font-size:2rem;\"><i class=\"far fa-image\"><\/i><\/div><div class=\"w-iconbox-meta\"><h3 class=\"w-iconbox-title\" style=\"font-size:1.5rem;\">S\u0131k\u0131 s\u0131k\u0131ya ba\u011fl\u0131 destek<\/h3><div class=\"w-iconbox-text\"><p>Almanya&#8217;daki ilk birka\u00e7 ay boyunca bak\u0131c\u0131lar\u0131n\u0131z bizden ki\u015fisel destek alacakt\u0131r.<\/p>\n<\/div><\/div><\/div><\/div><\/div><\/div><div class=\"w-separator size_large\"><\/div><div class=\"w-image align_center\"><div class=\"w-image-h\"><img decoding=\"async\" width=\"1600\" height=\"1600\" src=\"https:\/\/euhera.com\/wp-content\/uploads\/2023\/10\/us-placeholder-square.jpg\" class=\"attachment-shop_single size-shop_single\" alt=\"\" loading=\"lazy\" srcset=\"https:\/\/euhera.com\/wp-content\/uploads\/2023\/10\/us-placeholder-square.jpg 1600w, https:\/\/euhera.com\/wp-content\/uploads\/2023\/10\/us-placeholder-square-300x300.jpg 300w, https:\/\/euhera.com\/wp-content\/uploads\/2023\/10\/us-placeholder-square-1024x1024.jpg 1024w, https:\/\/euhera.com\/wp-content\/uploads\/2023\/10\/us-placeholder-square-150x150.jpg 150w, https:\/\/euhera.com\/wp-content\/uploads\/2023\/10\/us-placeholder-square-500x500.jpg 500w, https:\/\/euhera.com\/wp-content\/uploads\/2023\/10\/us-placeholder-square-700x700.jpg 700w\" sizes=\"auto, (max-width: 1600px) 100vw, 1600px\" \/><\/div><\/div><\/div><\/div><\/div><\/div><\/section><section class=\"l-section wpb_row height_custom color_primary\" id=\"fourth\"><div class=\"l-section-h i-cf\"><div class=\"g-cols vc_row via_grid cols_1 laptops-cols_inherit tablets-cols_inherit mobiles-cols_1 valign_top type_default stacking_default\"><div class=\"wpb_column vc_column_container\"><div class=\"vc_column-inner\"><div class=\"w-actionbox color_primary controls_right\"><div class=\"w-actionbox-text\"><h2 class=\"w-actionbox-title\">Gelece\u011fe yolculu\u011funuza \u015fimdi ba\u015flay\u0131n<\/h2><\/div><div class=\"w-actionbox-controls\"><a class=\"w-btn us-btn-style_4\" target=\"_blank\" rel=\"nofollow\" href=\"https:\/\/euhera.com\/tr\/?page_id=9195\" style=\"font-size:1.2rem;\"><span class=\"w-btn-label\">\u0130LET\u0130\u015e\u0130M<\/span><\/a><\/div><\/div><\/div><\/div><\/div><\/div><\/section>\n","protected":false},"excerpt":{"rendered":"\u015eirket Profili A\u015fa\u011f\u0131 Saksonya&#8217;da Stade ve Buxtehude&#8217;de bulunan belediye hastane grubu. Tedarik teklifi Modern te\u015fhis, cerrahi, dahiliye, kad\u0131n do\u011fum, pediatri ve uzmanl\u0131k b\u00f6l\u00fcmleri dahil olmak \u00fczere temel bak\u0131mdan uzman bak\u0131ma kadar geni\u015f bir yelpazede t\u0131bbi hizmetler. Altyap\u0131 Modern ekipman, disiplinler aras\u0131 ekipler, kapsaml\u0131 acil t\u0131p ve b\u00f6lgesel sa\u011fl\u0131k hizmeti ortaklar\u0131yla yak\u0131n i\u015fbirli\u011fi. Hasta odakl\u0131l\u0131k Y\u00fcksek...","protected":false},"author":1,"featured_media":9140,"parent":0,"menu_order":0,"comment_status":"closed","ping_status":"closed","template":"","meta":{"footnotes":""},"class_list":["post-9250","page","type-page","status-publish","has-post-thumbnail","hentry"],"_links":{"self":[{"href":"https:\/\/euhera.com\/tr\/wp-json\/wp\/v2\/pages\/9250","targetHints":{"allow":["GET"]}}],"collection":[{"href":"https:\/\/euhera.com\/tr\/wp-json\/wp\/v2\/pages"}],"about":[{"href":"https:\/\/euhera.com\/tr\/wp-json\/wp\/v2\/types\/page"}],"author":[{"embeddable":true,"href":"https:\/\/euhera.com\/tr\/wp-json\/wp\/v2\/users\/1"}],"replies":[{"embeddable":true,"href":"https:\/\/euhera.com\/tr\/wp-json\/wp\/v2\/comments?post=9250"}],"version-history":[{"count":9,"href":"https:\/\/euhera.com\/tr\/wp-json\/wp\/v2\/pages\/9250\/revisions"}],"predecessor-version":[{"id":9476,"href":"https:\/\/euhera.com\/tr\/wp-json\/wp\/v2\/pages\/9250\/revisions\/9476"}],"wp:featuredmedia":[{"embeddable":true,"href":"https:\/\/euhera.com\/tr\/wp-json\/wp\/v2\/media\/9140"}],"wp:attachment":[{"href":"https:\/\/euhera.com\/tr\/wp-json\/wp\/v2\/media?parent=9250"}],"curies":[{"name":"wp","href":"https:\/\/api.w.org\/{rel}","templated":true}]}}