{"id":9238,"date":"2024-12-07T09:43:02","date_gmt":"2024-12-07T08:43:02","guid":{"rendered":"https:\/\/euhera.com\/kuenye\/"},"modified":"2025-01-17T07:44:40","modified_gmt":"2025-01-17T06:44:40","slug":"kuenye","status":"publish","type":"page","link":"https:\/\/euhera.com\/tr\/kuenye\/","title":{"rendered":"K\u00fcnye"},"content":{"rendered":"<section class=\"l-section wpb_row height_custom\"><div class=\"l-section-h i-cf\"><div class=\"g-cols vc_row via_grid cols_1 laptops-cols_inherit tablets-cols_inherit mobiles-cols_1 valign_top type_default stacking_default\"><div class=\"wpb_column vc_column_container\"><div class=\"vc_column-inner\"><div class=\"wpb_text_column\"><div class=\"wpb_wrapper\"><h1>K\u00fcnye<\/h1>\n<p> EUHERA GmbH Brunnenweg 16 21682 Stade<\/p>\n<p> Ticaret sicili: HRB210157 Sicil mahkemesi: Tostedt<\/p>\n<p><strong>Temsilci:<\/strong><br \/> Alexander M\u00fcller<\/p>\n<h2>Bize ula\u015f\u0131n<\/h2>\n<p>&nbsp;<br \/> Telefon: +49 (0) 4141 92 80 63-0 E-posta: post@euhera.com<\/p>\n<h2>Posta adresi<\/h2>\n<p> EUHERA GmbH Im M\u00fchlenfeld 23 21717 Fredenbeck<\/p>\n<h2>\u0130\u015fletme kimlik numaras\u0131<\/h2>\n<p>DE400306091<\/p>\n<h2>AB uyu\u015fmazl\u0131k \u00e7\u00f6z\u00fcm\u00fc<\/h2>\n<p>Avrupa Komisyonu, \u00e7evrimi\u00e7i uyu\u015fmazl\u0131k \u00e7\u00f6z\u00fcm\u00fc (OS) i\u00e7in bir platform sunmaktad\u0131r: <a href=\"https:\/\/ec.europa.eu\/consumers\/odr\/\" target=\"_blank\" rel=\"noopener noreferrer\">https:\/\/ec.europa.eu\/consumers\/odr\/<\/a>.<br \/> E-posta adresimizi yukar\u0131daki yasal bildirimde bulabilirsiniz.<\/p>\n<h2>T\u00fcketici uyu\u015fmazl\u0131klar\u0131n\u0131n \u00e7\u00f6z\u00fcm\u00fc\/evrensel tahkim merkezi<\/h2>\n<p>Bir t\u00fcketici hakem heyeti nezdindeki uyu\u015fmazl\u0131k \u00e7\u00f6z\u00fcm i\u015flemlerine kat\u0131lmaya istekli veya y\u00fck\u00fcml\u00fc de\u011filiz.<\/p>\n<\/div><\/div><\/div><\/div><\/div><\/div><\/section>\n","protected":false},"excerpt":{"rendered":"K\u00fcnye EUHERA GmbH Brunnenweg 16 21682 Stade Ticaret sicili: HRB210157 Sicil mahkemesi: Tostedt Temsilci: Alexander M\u00fcller Bize ula\u015f\u0131n &nbsp; Telefon: +49 (0) 4141 92 80 63-0 E-posta: post@euhera.com Posta adresi EUHERA GmbH Im M\u00fchlenfeld 23 21717 Fredenbeck \u0130\u015fletme kimlik numaras\u0131 DE400306091 AB uyu\u015fmazl\u0131k \u00e7\u00f6z\u00fcm\u00fc Avrupa Komisyonu, \u00e7evrimi\u00e7i uyu\u015fmazl\u0131k \u00e7\u00f6z\u00fcm\u00fc (OS) i\u00e7in bir platform sunmaktad\u0131r: https:\/\/ec.europa.eu\/consumers\/odr\/....","protected":false},"author":1,"featured_media":0,"parent":0,"menu_order":0,"comment_status":"closed","ping_status":"open","template":"","meta":{"footnotes":""},"class_list":["post-9238","page","type-page","status-publish","hentry"],"_links":{"self":[{"href":"https:\/\/euhera.com\/tr\/wp-json\/wp\/v2\/pages\/9238","targetHints":{"allow":["GET"]}}],"collection":[{"href":"https:\/\/euhera.com\/tr\/wp-json\/wp\/v2\/pages"}],"about":[{"href":"https:\/\/euhera.com\/tr\/wp-json\/wp\/v2\/types\/page"}],"author":[{"embeddable":true,"href":"https:\/\/euhera.com\/tr\/wp-json\/wp\/v2\/users\/1"}],"replies":[{"embeddable":true,"href":"https:\/\/euhera.com\/tr\/wp-json\/wp\/v2\/comments?post=9238"}],"version-history":[{"count":5,"href":"https:\/\/euhera.com\/tr\/wp-json\/wp\/v2\/pages\/9238\/revisions"}],"predecessor-version":[{"id":9402,"href":"https:\/\/euhera.com\/tr\/wp-json\/wp\/v2\/pages\/9238\/revisions\/9402"}],"wp:attachment":[{"href":"https:\/\/euhera.com\/tr\/wp-json\/wp\/v2\/media?parent=9238"}],"curies":[{"name":"wp","href":"https:\/\/api.w.org\/{rel}","templated":true}]}}