{"id":9228,"date":"2013-05-31T11:57:37","date_gmt":"2013-05-31T09:57:37","guid":{"rendered":"https:\/\/euhera.com\/euhera-hakkinda\/"},"modified":"2025-01-17T13:10:02","modified_gmt":"2025-01-17T12:10:02","slug":"euhera-hakkinda","status":"publish","type":"page","link":"https:\/\/euhera.com\/tr\/euhera-hakkinda\/","title":{"rendered":"EUHERA Hakk\u0131nda"},"content":{"rendered":"<section class=\"l-section wpb_row height_custom color_primary with_img parallax_hor bgwidth_120\"><div class=\"l-section-img\" role=\"img\" aria-label=\"G\u00f6rsel\" data-img-width=\"1600\" data-img-height=\"1600\" style=\"background-image: url(https:\/\/euhera.com\/wp-content\/uploads\/2023\/10\/us-placeholder-landscape.jpg);\"><\/div><div class=\"l-section-overlay\" style=\"background:rgba(2,2,2,0.67)\"><\/div><div class=\"l-section-h i-cf\"><div class=\"g-cols vc_row via_grid cols_1 laptops-cols_inherit tablets-cols_inherit mobiles-cols_1 valign_top type_default stacking_default\"><div class=\"wpb_column vc_column_container\"><div class=\"vc_column-inner\"><div class=\"wpb_text_column us_custom_a3d5695e\"><div class=\"wpb_wrapper\"><h1 style=\"text-align: center;\">EUHERA &#8211; Yurt d\u0131\u015f\u0131ndan nitelikli hem\u015firelik ve klinik personeli i\u00e7in g\u00fcvenilir ajans\u0131n\u0131z<\/h1>\n<\/div><\/div><div class=\"w-separator size_small\"><\/div><div class=\"w-iconbox iconpos_top style_default color_custom align_center no_text no_title\"><a href=\"#intro\" class=\"w-iconbox-link\" aria-label=\"far|chevron-down\"><div class=\"w-iconbox-icon\" style=\"font-size:3rem;--icon-color:#ffffff;\"><i class=\"far fa-chevron-down\"><\/i><\/div><\/a><div class=\"w-iconbox-meta\"><\/div><\/div><div class=\"w-separator size_medium\"><\/div><\/div><\/div><\/div><\/div><\/section><section class=\"l-section wpb_row height_auto width_full color_primary type_sticky\"><div class=\"l-section-h i-cf\"><div class=\"g-cols vc_row via_grid cols_1 laptops-cols_inherit tablets-cols_inherit mobiles-cols_1 valign_top type_default stacking_default\"><div class=\"wpb_column vc_column_container\"><div class=\"vc_column-inner\"><nav class=\"w-menu us_custom_5c6401b0 layout_hor style_blocks not_responsive us_menu_1\" style=\"--main-ver-indent:0.8em;--main-hor-indent:0.8em;--main-color:rgba(255,255,255,0.66);--main-hover-color:#fff;--main-active-color:#fff;\"><ul id=\"menu-about-menu\" class=\"menu\"><li id=\"menu-item-8255\" class=\"menu-item menu-item-type-custom menu-item-object-custom menu-item-8255\"><a href=\"#intro\">Vorstellung<\/a><\/li><li id=\"menu-item-8258\" class=\"menu-item menu-item-type-custom menu-item-object-custom menu-item-8258\"><a href=\"#history\">Unsere Historie<\/a><\/li><li id=\"menu-item-8256\" class=\"menu-item menu-item-type-custom menu-item-object-custom menu-item-8256\"><a href=\"#team\">Unser Team<\/a><\/li><li id=\"menu-item-8257\" class=\"menu-item menu-item-type-custom menu-item-object-custom menu-item-8257\"><a href=\"#clients\">Unsere Partner<\/a><\/li><\/ul><\/nav><\/div><\/div><\/div><\/div><\/section><section class=\"l-section wpb_row height_custom width_custom color_alternate\" style=\"--site-content-width:800px;\" id=\"intro\"><div class=\"l-section-h i-cf\"><div class=\"g-cols vc_row via_grid cols_1 laptops-cols_inherit tablets-cols_inherit mobiles-cols_1 valign_top type_default stacking_default\"><div class=\"wpb_column vc_column_container\"><div class=\"vc_column-inner\"><div class=\"g-cols wpb_row via_grid cols_1 laptops-cols_inherit tablets-cols_inherit mobiles-cols_1 valign_top type_default stacking_default\" style=\"--columns-gap:3rem;\"><div class=\"wpb_column vc_column_container\"><div class=\"vc_column-inner\"><div class=\"wpb_text_column\"><div class=\"wpb_wrapper\"><h2 style=\"text-align: center;\">EUHERA<\/h2>\n<p style=\"text-align: center;\">EUHERA (European Healthcare Recruiting Agency), yurt d\u0131\u015f\u0131ndan nitelikli hem\u015firelik ve klinik personelinin yerle\u015ftirilmesinde g\u00fcvenilir bir ortak olarak kendini kan\u0131tlam\u0131\u015ft\u0131r. \u00d6zellikle T\u00fcrkiye&#8217;den profesyoneller konusunda uzmanla\u015fm\u0131\u015f olan EUHERA, iyi e\u011fitimli, kendini i\u015fine adam\u0131\u015f ve \u00e7ok dilli personele y\u00f6nelik artan talebi kar\u015f\u0131lamada Avrupal\u0131 sa\u011fl\u0131k kurulu\u015flar\u0131na destek olmaktad\u0131r. Kapsaml\u0131 uzmanl\u0131\u011f\u0131 ve T\u00fcrkiye&#8217;deki g\u00fc\u00e7l\u00fc a\u011f\u0131yla EUHERA, klinikler, hastaneler, bak\u0131m evleri ve di\u011fer t\u0131bbi tesisler i\u00e7in \u00f6zelle\u015ftirilmi\u015f hem\u015fire, doktor ve di\u011fer t\u0131bbi profesyonellerin i\u015fe al\u0131m\u0131n\u0131 garanti eder.<\/p>\n<\/div><\/div><\/div><\/div><\/div><div class=\"w-separator size_large\"><\/div><div class=\"g-cols wpb_row via_grid cols_3 laptops-cols_inherit tablets-cols_2 mobiles-cols_1 valign_top type_default stacking_default\" style=\"--columns-gap:3rem;\"><div class=\"wpb_column vc_column_container\"><div class=\"vc_column-inner\"><div class=\"w-counter us_custom_f465f27b color_primary align_center has_font_size\" data-duration=\"2\"><div class=\"w-counter-value\"><span class=\"w-counter-value-part type_text\" data-final=\"\"><\/span><span class=\"w-counter-value-part type_number\" data-final=\"92\">0<\/span><span class=\"w-counter-value-part type_text\" data-final=\"%\">%<\/span><\/div><h5 class=\"w-counter-title\">Olumlu geri bildirim<\/h5><\/div><\/div><\/div><div class=\"wpb_column vc_column_container\"><div class=\"vc_column-inner\"><div class=\"w-counter us_custom_f465f27b color_primary align_center has_font_size\" data-duration=\"2\"><div class=\"w-counter-value\"><span class=\"w-counter-value-part type_text\" data-final=\"\"><\/span><span class=\"w-counter-value-part type_number\" data-final=\"17\">0<\/span><span class=\"w-counter-value-part type_text\" data-final=\"\"><\/span><\/div><h5 class=\"w-counter-title\">Yerle\u015ftirilen personel<\/h5><\/div><\/div><\/div><div class=\"wpb_column vc_column_container\"><div class=\"vc_column-inner\"><div class=\"w-counter us_custom_f465f27b color_primary align_center has_font_size\" data-duration=\"3\"><div class=\"w-counter-value\"><span class=\"w-counter-value-part type_text\" data-final=\"B\">A<\/span><span class=\"w-counter-value-part type_number\" data-final=\"2\">1<\/span><span class=\"w-counter-value-part type_text\" data-final=\"\"><\/span><\/div><h5 class=\"w-counter-title\">Dil seviyesi<\/h5><\/div><\/div><\/div><\/div><\/div><\/div><\/div><\/div><\/section><section class=\"l-section wpb_row height_custom\" id=\"history\"><div class=\"l-section-h i-cf\"><div class=\"g-cols vc_row via_grid cols_1 laptops-cols_inherit tablets-cols_inherit mobiles-cols_1 valign_top type_default stacking_default\"><div class=\"wpb_column vc_column_container\"><div class=\"vc_column-inner\"><\/div><\/div><\/div><\/div><\/section><section class=\"l-section wpb_row height_custom color_alternate\" id=\"team\"><div class=\"l-section-h i-cf\"><div class=\"g-cols vc_row via_grid cols_1 laptops-cols_inherit tablets-cols_inherit mobiles-cols_1 valign_top type_default stacking_default\"><div class=\"wpb_column vc_column_container\"><div class=\"vc_column-inner\"><div class=\"wpb_text_column\"><div class=\"wpb_wrapper\"><h2 style=\"text-align: center;\">Bizim ekibimiz<\/h2>\n<\/div><\/div><div class=\"w-separator size_medium\"><\/div><div class=\"g-cols wpb_row via_grid cols_3 laptops-cols_inherit tablets-cols_inherit mobiles-cols_1 valign_top type_default stacking_default\" style=\"--columns-gap:3rem;\"><div class=\"wpb_column vc_column_container\"><div class=\"vc_column-inner\"><div class=\"w-person layout_circle with_desc with_socials\" itemscope itemtype=\"https:\/\/schema.org\/Person\"><div class=\"w-person-image\"><img loading=\"lazy\" decoding=\"async\" width=\"800\" height=\"800\" src=\"https:\/\/euhera.com\/wp-content\/uploads\/2024\/12\/alexander-mueller.jpeg\" class=\"attachment-full size-full\" alt=\"Alexander M\u00fcller\" itemprop=\"image\" srcset=\"https:\/\/euhera.com\/wp-content\/uploads\/2024\/12\/alexander-mueller.jpeg 800w, https:\/\/euhera.com\/wp-content\/uploads\/2024\/12\/alexander-mueller-300x300.jpeg 300w, https:\/\/euhera.com\/wp-content\/uploads\/2024\/12\/alexander-mueller-150x150.jpeg 150w\" sizes=\"auto, (max-width: 800px) 100vw, 800px\" \/><div class=\"w-person-links\"><div class=\"w-person-links-list\"><a href=\"mailto:mueller@euhera.com\" class=\"w-person-links-item type_email\" title=\"E-posta\"><i class=\"fas fa-envelope\"><\/i><\/a><a href=\"https:\/\/www.linkedin.com\/in\/xeomueller\/\" class=\"w-person-links-item type_linkedin\" title=\"LinkedIn\" target=\"_blank\" rel=\"nofollow\"><i class=\"fab fa-linkedin\"><\/i><\/a><\/div><\/div><\/div><div class=\"w-person-content\"><h4 itemprop=\"name\" class=\"w-person-name\"><span>Alexander M\u00fcller<\/span><\/h4><div class=\"w-person-role\" itemprop=\"jobTitle\">Y\u00f6netim<\/div><div class=\"w-person-description\" itemprop=\"description\"><p>Genel M\u00fcd\u00fcr olarak, yurt d\u0131\u015f\u0131ndan gelen y\u00fcksek nitelikli bak\u0131m personelini Alman tesislerine ba\u015far\u0131l\u0131 bir \u015fekilde entegre etmek i\u00e7in ortakl\u0131klara g\u00fcveniyorum.<\/p>\n<\/div><\/div><\/div><\/div><\/div><div class=\"wpb_column vc_column_container\"><div class=\"vc_column-inner\"><div class=\"w-person layout_circle with_desc with_socials\" itemscope itemtype=\"https:\/\/schema.org\/Person\"><div class=\"w-person-image\"><img loading=\"lazy\" decoding=\"async\" width=\"800\" height=\"800\" src=\"https:\/\/euhera.com\/wp-content\/uploads\/2024\/12\/Dennis-Marinkovic-.jpeg\" class=\"attachment-full size-full\" alt=\"Dennis Marinkovic\" itemprop=\"image\" srcset=\"https:\/\/euhera.com\/wp-content\/uploads\/2024\/12\/Dennis-Marinkovic-.jpeg 800w, https:\/\/euhera.com\/wp-content\/uploads\/2024\/12\/Dennis-Marinkovic--300x300.jpeg 300w, https:\/\/euhera.com\/wp-content\/uploads\/2024\/12\/Dennis-Marinkovic--150x150.jpeg 150w\" sizes=\"auto, (max-width: 800px) 100vw, 800px\" \/><div class=\"w-person-links\"><div class=\"w-person-links-list\"><a href=\"mailto:dennis@euhera.com\" class=\"w-person-links-item type_email\" title=\"E-posta\"><i class=\"fas fa-envelope\"><\/i><\/a><a href=\"https:\/\/www.linkedin.com\/in\/dennis-marinkovic-6ab8317a\" class=\"w-person-links-item type_linkedin\" title=\"LinkedIn\" target=\"_blank\" rel=\"nofollow\"><i class=\"fab fa-linkedin\"><\/i><\/a><\/div><\/div><\/div><div class=\"w-person-content\"><h4 itemprop=\"name\" class=\"w-person-name\"><span>Dennis Marinkovic<\/span><\/h4><div class=\"w-person-role\" itemprop=\"jobTitle\">Personel Dan\u0131\u015fmanl\u0131\u011f\u0131 \/ \u0130\u015fveren<\/div><div class=\"w-person-description\" itemprop=\"description\"><p>\u0130\u015fe al\u0131mlar\u0131m sayesinde k\u00fclt\u00fcrel k\u00f6pr\u00fcler kuruyor, dil becerilerini geli\u015ftiriyor ve hem\u015firelik personelinin profesyonel geleceklerine bir ba\u015flang\u0131\u00e7 yapmalar\u0131n\u0131 sa\u011fl\u0131yorum.<\/p>\n<\/div><\/div><\/div><\/div><\/div><div class=\"wpb_column vc_column_container\"><div class=\"vc_column-inner\"><div class=\"w-person layout_circle with_desc with_socials\" itemscope itemtype=\"https:\/\/schema.org\/Person\"><div class=\"w-person-image\"><img loading=\"lazy\" decoding=\"async\" width=\"389\" height=\"389\" src=\"https:\/\/euhera.com\/wp-content\/uploads\/2024\/12\/miktad-yigci.jpeg\" class=\"attachment-full size-full\" alt=\"Miktad Yigci\" itemprop=\"image\" srcset=\"https:\/\/euhera.com\/wp-content\/uploads\/2024\/12\/miktad-yigci.jpeg 389w, https:\/\/euhera.com\/wp-content\/uploads\/2024\/12\/miktad-yigci-300x300.jpeg 300w, https:\/\/euhera.com\/wp-content\/uploads\/2024\/12\/miktad-yigci-150x150.jpeg 150w\" sizes=\"auto, (max-width: 389px) 100vw, 389px\" \/><div class=\"w-person-links\"><div class=\"w-person-links-list\"><a href=\"mailto:miktad@euhera.com\" class=\"w-person-links-item type_email\" title=\"E-posta\"><i class=\"fas fa-envelope\"><\/i><\/a><a href=\"https:\/\/www.linkedin.com\/in\/miktad-yigci-b6b032326\/\" class=\"w-person-links-item type_linkedin\" title=\"LinkedIn\" target=\"_blank\" rel=\"nofollow\"><i class=\"fab fa-linkedin\"><\/i><\/a><\/div><\/div><\/div><div class=\"w-person-content\"><h4 itemprop=\"name\" class=\"w-person-name\"><span>Miktad Yi\u011fci<\/span><\/h4><div class=\"w-person-role\" itemprop=\"jobTitle\">\u0130\u015fveren<\/div><div class=\"w-person-description\" itemprop=\"description\"><p>Bir i\u015fe al\u0131m uzman\u0131 olarak, ba\u015fvuru sahiplerini bireysel olarak destekliyor, tan\u0131ma s\u00fcrecinde onlara rehberlik ediyor ve nitelikli hem\u015firelik profesyonellerini uygun i\u015fverenlere ba\u015far\u0131l\u0131 ve s\u00fcrd\u00fcr\u00fclebilir bir \u015fekilde yerle\u015ftiriyorum.<\/p>\n<\/div><\/div><\/div><\/div><\/div><\/div><\/div><\/div><\/div><\/div><\/section><section class=\"l-section wpb_row height_custom\" id=\"clients\"><div class=\"l-section-h i-cf\"><div class=\"g-cols vc_row via_grid cols_1 laptops-cols_inherit tablets-cols_inherit mobiles-cols_1 valign_top type_default stacking_default\"><div class=\"wpb_column vc_column_container\"><div class=\"vc_column-inner\"><div class=\"wpb_text_column\"><div class=\"wpb_wrapper\"><h2 style=\"text-align: center;\">Ortaklar\u0131m\u0131z<\/h2>\n<\/div><\/div><div class=\"w-separator size_medium\"><\/div><div class=\"w-grid items_valign_center type_carousel layout_gallery_default items_6\" id=\"us_grid_1\" style=\"--items:6;--gap:2rem;\"><style>.layout_gallery_default .w-grid-item-h{}<\/style><div class=\"w-grid-list owl-carousel valign_middle dotstyle_circle navstyle_circle navpos_outside owl-responsive-2000 with_dots\" style=\"--transition-duration:350ms;\">\t<article class=\"w-grid-item post-9152 attachment type-attachment status-inherit hentry\" data-id=\"9152\">\r\n\t\t<div class=\"w-grid-item-h\">\r\n\t\t\t\t\t\t<div class=\"w-post-elm post_image usg_post_image_1 stretched\"><img loading=\"lazy\" decoding=\"async\" width=\"300\" height=\"200\" src=\"https:\/\/euhera.com\/wp-content\/uploads\/2014\/04\/Elbe-Klinikum-Stade-300x200.jpg\" class=\"attachment-medium size-medium\" alt=\"\" srcset=\"https:\/\/euhera.com\/wp-content\/uploads\/2014\/04\/Elbe-Klinikum-Stade-300x200.jpg 300w, https:\/\/euhera.com\/wp-content\/uploads\/2014\/04\/Elbe-Klinikum-Stade-500x334.jpg 500w, https:\/\/euhera.com\/wp-content\/uploads\/2014\/04\/Elbe-Klinikum-Stade.jpg 680w\" sizes=\"auto, (max-width: 300px) 100vw, 300px\" \/><\/div>\t\t<\/div>\r\n\t\t\t<\/article>\r\n<\/div>\t<div class=\"g-preloader type_1\">\r\n\t\t<div><\/div>\r\n\t<\/div>\r\n\t\t<div class=\"w-grid-json hidden\" onclick='return {&quot;action&quot;:&quot;us_ajax_grid&quot;,&quot;infinite_scroll&quot;:0,&quot;max_num_pages&quot;:1,&quot;pagination&quot;:&quot;none&quot;,&quot;template_vars&quot;:{&quot;columns&quot;:&quot;&quot;,&quot;exclude_items&quot;:&quot;none&quot;,&quot;img_size&quot;:&quot;medium&quot;,&quot;ignore_items_size&quot;:0,&quot;items_layout&quot;:&quot;gallery_default&quot;,&quot;items_offset&quot;:&quot;0px&quot;,&quot;load_animation&quot;:&quot;none&quot;,&quot;overriding_link&quot;:&quot;%7B%22url%22%3A%22%22%7D&quot;,&quot;post_id&quot;:0,&quot;query_args&quot;:{&quot;post_type&quot;:[&quot;attachment&quot;],&quot;post__in&quot;:[&quot;9013&quot;],&quot;post_status&quot;:&quot;inherit&quot;,&quot;post_mime_type&quot;:&quot;image&quot;,&quot;posts_per_page&quot;:999},&quot;orderby_query_args&quot;:{&quot;orderby&quot;:{&quot;date&quot;:&quot;DESC&quot;}},&quot;type&quot;:&quot;carousel&quot;,&quot;us_grid_post_type&quot;:&quot;attachment&quot;,&quot;us_grid_ajax_index&quot;:1,&quot;us_grid_filter_query_string&quot;:null,&quot;us_grid_index&quot;:1,&quot;page_args&quot;:[],&quot;lang&quot;:&quot;tr&quot;},&quot;carousel_settings&quot;:{&quot;aria_labels&quot;:{&quot;prev&quot;:&quot;\\u00d6nceki&quot;,&quot;next&quot;:&quot;Sonraki&quot;},&quot;autoplayContinual&quot;:false,&quot;autoplayHoverPause&quot;:false,&quot;autoplayTimeout&quot;:4000,&quot;autoWidth&quot;:false,&quot;smartSpeed&quot;:350,&quot;margin&quot;:0,&quot;mouseDrag&quot;:true,&quot;rtl&quot;:false,&quot;slideBy&quot;:&quot;1&quot;,&quot;touchDrag&quot;:true,&quot;slideTransition&quot;:&quot;&quot;,&quot;responsive&quot;:{&quot;0&quot;:{&quot;autoHeight&quot;:false,&quot;autoplay&quot;:true,&quot;autoWidth&quot;:false,&quot;center&quot;:false,&quot;dots&quot;:true,&quot;items&quot;:1,&quot;loop&quot;:false,&quot;nav&quot;:false,&quot;stagePadding&quot;:0,&quot;slideBy&quot;:&quot;1&quot;},&quot;601&quot;:{&quot;autoHeight&quot;:false,&quot;autoplay&quot;:true,&quot;autoWidth&quot;:false,&quot;center&quot;:false,&quot;dots&quot;:true,&quot;items&quot;:2,&quot;loop&quot;:false,&quot;nav&quot;:false,&quot;stagePadding&quot;:0,&quot;slideBy&quot;:&quot;1&quot;},&quot;1025&quot;:{&quot;autoHeight&quot;:false,&quot;autoplay&quot;:true,&quot;autoWidth&quot;:false,&quot;center&quot;:false,&quot;dots&quot;:true,&quot;items&quot;:3,&quot;loop&quot;:false,&quot;nav&quot;:false,&quot;stagePadding&quot;:0,&quot;slideBy&quot;:&quot;1&quot;},&quot;1381&quot;:{&quot;items&quot;:6,&quot;autoplay&quot;:true,&quot;center&quot;:false,&quot;dots&quot;:true,&quot;nav&quot;:false,&quot;autoHeight&quot;:false,&quot;autoWidth&quot;:false,&quot;loop&quot;:false,&quot;stagePadding&quot;:0}}}}'><\/div>\r\n\t<\/div><\/div><\/div><\/div><\/div><\/section>\n","protected":false},"excerpt":{"rendered":"","protected":false},"author":1,"featured_media":0,"parent":0,"menu_order":0,"comment_status":"closed","ping_status":"closed","template":"","meta":{"footnotes":""},"class_list":["post-9228","page","type-page","status-publish","hentry"],"_links":{"self":[{"href":"https:\/\/euhera.com\/tr\/wp-json\/wp\/v2\/pages\/9228","targetHints":{"allow":["GET"]}}],"collection":[{"href":"https:\/\/euhera.com\/tr\/wp-json\/wp\/v2\/pages"}],"about":[{"href":"https:\/\/euhera.com\/tr\/wp-json\/wp\/v2\/types\/page"}],"author":[{"embeddable":true,"href":"https:\/\/euhera.com\/tr\/wp-json\/wp\/v2\/users\/1"}],"replies":[{"embeddable":true,"href":"https:\/\/euhera.com\/tr\/wp-json\/wp\/v2\/comments?post=9228"}],"version-history":[{"count":6,"href":"https:\/\/euhera.com\/tr\/wp-json\/wp\/v2\/pages\/9228\/revisions"}],"predecessor-version":[{"id":9487,"href":"https:\/\/euhera.com\/tr\/wp-json\/wp\/v2\/pages\/9228\/revisions\/9487"}],"wp:attachment":[{"href":"https:\/\/euhera.com\/tr\/wp-json\/wp\/v2\/media?parent=9228"}],"curies":[{"name":"wp","href":"https:\/\/api.w.org\/{rel}","templated":true}]}}