{"id":9195,"date":"2013-09-06T15:19:20","date_gmt":"2013-09-06T13:19:20","guid":{"rendered":"https:\/\/euhera.com\/bize-ulasin\/"},"modified":"2025-01-17T07:44:39","modified_gmt":"2025-01-17T06:44:39","slug":"bize-ulasin","status":"publish","type":"page","link":"https:\/\/euhera.com\/tr\/bize-ulasin\/","title":{"rendered":"Bize ula\u015f\u0131n"},"content":{"rendered":"<section class=\"l-section wpb_row height_custom color_primary with_img parallax_hor bgwidth_130\"><div class=\"l-section-img\" role=\"img\" aria-label=\"G\u00f6rsel\" data-img-width=\"1600\" data-img-height=\"1600\" style=\"background-image: url(https:\/\/euhera.com\/wp-content\/uploads\/2023\/10\/us-placeholder-landscape.jpg);\"><\/div><div class=\"l-section-overlay\" style=\"background:rgba(10,10,10,0.7)\"><\/div><div class=\"l-section-h i-cf\"><div class=\"g-cols vc_row via_grid cols_1 laptops-cols_inherit tablets-cols_inherit mobiles-cols_1 valign_top type_default stacking_default\"><div class=\"wpb_column vc_column_container\"><div class=\"vc_column-inner\"><div class=\"wpb_text_column\"><div class=\"wpb_wrapper\"><h1 style=\"text-align: center;\">Burada sempatik bir kulak bulacaks\u0131n\u0131z.<\/h1>\n<h6 style=\"text-align: center;\">Bizimle ileti\u015fime ge\u00e7erek \u00e7ok \u015fey ba\u015farabilirsiniz.<\/h6>\n<\/div><\/div><div class=\"w-separator size_small\"><\/div><div class=\"w-iconbox iconpos_top style_default color_custom align_center no_text no_title\"><div class=\"w-iconbox-icon\" style=\"font-size:2rem;\"><i class=\"far fa-chevron-down\"><\/i><\/div><div class=\"w-iconbox-meta\"><\/div><\/div><\/div><\/div><\/div><\/div><\/section><section class=\"l-section wpb_row height_custom\"><div class=\"l-section-h i-cf\"><div class=\"g-cols vc_row via_grid cols_2 laptops-cols_inherit tablets-cols_inherit mobiles-cols_1 valign_top type_default stacking_default\" style=\"--columns-gap:58px;\"><div class=\"wpb_column vc_column_container\"><div class=\"vc_column-inner\"><div class=\"w-iconbox iconpos_left style_circle color_primary align_left no_text\"><a href=\"mailto:post@euhera.com\" class=\"w-iconbox-link\" aria-label=\"post@euhera.com\"><div class=\"w-iconbox-icon\" style=\"font-size:22px;\"><i class=\"far fa-envelope\"><\/i><\/div><\/a><div class=\"w-iconbox-meta\"><h4 class=\"w-iconbox-title\"><a href=\"mailto:post@euhera.com\" class=\"w-iconbox-link\" aria-label=\"post@euhera.com\">post@euhera.com<\/a><\/h4><\/div><\/div><div class=\"w-separator size_small\"><\/div><div class=\"w-iconbox iconpos_left style_circle color_primary align_left no_text\"><div class=\"w-iconbox-icon\" style=\"font-size:22px;\"><i class=\"far fa-phone\"><\/i><\/div><div class=\"w-iconbox-meta\"><h4 class=\"w-iconbox-title\">+49 4141 9280630<\/h4><\/div><\/div><div class=\"w-separator size_small\"><\/div><div class=\"w-iconbox iconpos_left style_circle color_primary align_left no_text\"><div class=\"w-iconbox-icon\" style=\"font-size:22px;\"><i class=\"far fa-map-marker-alt\"><\/i><\/div><div class=\"w-iconbox-meta\"><h4 class=\"w-iconbox-title\">Im M\u00fchlenfeld 23, 21717 Fredenbeck<\/h4><\/div><\/div><div class=\"w-separator size_medium\"><\/div><div class=\"w-map provider_osm us_custom_3ce2d849\" id=\"us_map_1\"><div class=\"w-map-inner\"><div class=\"w-map-json\" onclick='return {&quot;address&quot;:&quot;Im M\\u00fchlenfeld 23, 21717 Fredenbeck&quot;,&quot;disableDragging&quot;:0,&quot;disableZoom&quot;:0,&quot;hideControls&quot;:0,&quot;zoom&quot;:14,&quot;markers&quot;:[{&quot;address&quot;:&quot;Im M\\u00fchlenfeld 23, 21717 Fredenbeck&quot;,&quot;html&quot;:&quot;Merhaba! Biz buraday\\u0131z! :)&quot;,&quot;infowindow&quot;:&quot;1&quot;}],&quot;style&quot;:&quot;https:\\\/\\\/{s}.tile.openstreetmap.org\\\/{z}\\\/{x}\\\/{y}.png&quot;}'><\/div><\/div><\/div><\/div><\/div><div class=\"wpb_column vc_column_container\"><div class=\"vc_column-inner\"><div class=\"wpb_text_column\"><div class=\"wpb_wrapper\"><h4><strong>Sizden haber almak ya da okumak g\u00fczel:<\/strong><\/h4>\n<p>A\u015fa\u011f\u0131daki ileti\u015fim formunu kullanarak bize rahat\u00e7a mesaj g\u00f6nderebilirsiniz ve size en k\u0131sa s\u00fcrede geri d\u00f6nece\u011fiz.<\/p>\n<\/div><\/div><div class=\"w-separator size_small\"><\/div><form class=\"w-form  us-field-style_1 layout_ver show_message_after_sending for_cform us_form_1\" action=\"https:\/\/euhera.com\/tr\/wp-json\/wp\/v2\/pages\/9195\" method=\"post\"><div class=\"w-form-h\"><div class=\"w-form-row for_text required with_icon\">\r\n\t\t<div class=\"w-form-row-field\">\r\n\t\t\t\t<i class=\"far fa-user\"><\/i>\t\t<input aria-label=\"\u0130sim\" type=\"text\" name=\"us_form_1_text_1\" value placeholder=\"\u0130sim *\" data-required=\"true\" aria-required=\"true\"\/>\r\n\t\t\t<\/div>\r\n\t\t<div class=\"w-form-row-state\">Fill out this field<\/div>\r\n<\/div>\r\n<div class=\"w-form-row for_text required with_icon\">\r\n\t\t<div class=\"w-form-row-field\">\r\n\t\t\t\t<i class=\"far fa-envelope\"><\/i>\t\t<input aria-label=\"e-posta\" type=\"text\" name=\"us_form_1_text_2\" value placeholder=\"e-posta *\" data-required=\"true\" aria-required=\"true\"\/>\r\n\t\t\t<\/div>\r\n\t\t<div class=\"w-form-row-state\">Fill out this field<\/div>\r\n<\/div>\r\n<div class=\"w-form-row for_text required with_icon\">\r\n\t\t<div class=\"w-form-row-field\">\r\n\t\t\t\t<i class=\"far fa-phone\"><\/i>\t\t<input aria-label=\"Telefon\" inputmode=\"tel\" type=\"text\" name=\"us_form_1_text_3\" value placeholder=\"Telefon *\" data-required=\"true\" aria-required=\"true\"\/>\r\n\t\t\t<\/div>\r\n\t\t<div class=\"w-form-row-state\">Fill out this field<\/div>\r\n<\/div>\r\n<div class=\"w-form-row for_textarea required with_icon\">\r\n\t\t<div class=\"w-form-row-field\">\r\n\t\t\t\t<i class=\"far fa-pencil\"><\/i>\t\t<textarea aria-label=\"Bize mesaj\u0131n\u0131z\" name=\"us_form_1_textarea_1\" placeholder=\"Bize mesaj\u0131n\u0131z *\" data-required=\"true\" aria-required=\"true\"><\/textarea>\r\n\t\t\t<\/div>\r\n\t\t<div class=\"w-form-row-state\">Fill out this field<\/div>\r\n<\/div>\r\n<div class=\"w-form-row for_checkboxes has_label required\">\r\n\t\t\t<div class=\"w-form-row-label\">\r\n\t\t\t<span>Veri toplama <span class=\"required\">*<\/span><\/span>\r\n\t\t<\/div>\r\n\t\t<div class=\"w-form-row-field\">\r\n\t\t\t\t\t<label>\r\n\t\t\t\t<input type=\"checkbox\" name=\"us_form_1_checkboxes_1[]\" data-required=\"true\" value=\"&lt;a href=&quot;https:\/\/euhera.com\/tr\/gizlilik-politikasi\/#datenschutz&quot;&gt;Gizlilik politikas\u0131na&lt;\/a&gt; dikkat ettim.\"\/>\r\n\t\t\t\t<span><a href=\"https:\/\/euhera.com\/tr\/gizlilik-politikasi\/#datenschutz\">Gizlilik politikas\u0131na<\/a> dikkat ettim.<\/span>\r\n\t\t\t<\/label>\r\n\t\t\t\t<\/div>\r\n\t\t<div class=\"w-form-row-state\">Select an option<\/div>\r\n<\/div>\r\n<input type=\"hidden\" name=\"action\" value=\"us_ajax_cform\" \/>\r\n<input type=\"hidden\" name=\"post_id\" value=\"0\" \/>\r\n<input type=\"hidden\" name=\"form_index\" value=\"1\" \/>\r\n<div class=\"w-form-row for_submit align_none\">\r\n\t<button class=\"w-btn  us-btn-style_1\" aria-label=\"Mesaj g\u00f6nder\" type=\"submit\">\r\n\t\t<span class=\"g-preloader type_1\"><\/span>\r\n\t\t\t\t<span class=\"w-btn-label\">Mesaj g\u00f6nder<\/span>\r\n\t\t\t<\/button>\r\n\t<\/div>\r\n<\/div><div class=\"w-form-message\"><\/div><div class=\"w-form-json hidden\" onclick='return {&quot;ajaxurl&quot;:&quot;https:\\\/\\\/euhera.com\\\/wp-admin\\\/admin-ajax.php&quot;,&quot;messages&quot;:{&quot;err_empty&quot;:&quot;Fill out this field&quot;,&quot;err_size&quot;:&quot;File size cannot exceed %s MB&quot;,&quot;err_extension&quot;:&quot;%s file type is not allowed&quot;,&quot;err_recaptcha_keys&quot;:&quot;reCAPTCHA keys are incorrect&quot;}}'><\/div><\/form><\/div><\/div><\/div><\/div><\/section>\n","protected":false},"excerpt":{"rendered":"Burada sempatik bir kulak bulacaks\u0131n\u0131z. Bizimle ileti\u015fime ge\u00e7erek \u00e7ok \u015fey ba\u015farabilirsiniz. post@euhera.com+49 4141 9280630Im M\u00fchlenfeld 23, 21717 FredenbeckSizden haber almak ya da okumak g\u00fczel: A\u015fa\u011f\u0131daki ileti\u015fim formunu kullanarak bize rahat\u00e7a mesaj g\u00f6nderebilirsiniz ve size en k\u0131sa s\u00fcrede geri d\u00f6nece\u011fiz. Fill out this field Fill out this field Fill out this field Fill out this field...","protected":false},"author":1,"featured_media":0,"parent":0,"menu_order":0,"comment_status":"closed","ping_status":"closed","template":"","meta":{"footnotes":""},"class_list":["post-9195","page","type-page","status-publish","hentry"],"_links":{"self":[{"href":"https:\/\/euhera.com\/tr\/wp-json\/wp\/v2\/pages\/9195","targetHints":{"allow":["GET"]}}],"collection":[{"href":"https:\/\/euhera.com\/tr\/wp-json\/wp\/v2\/pages"}],"about":[{"href":"https:\/\/euhera.com\/tr\/wp-json\/wp\/v2\/types\/page"}],"author":[{"embeddable":true,"href":"https:\/\/euhera.com\/tr\/wp-json\/wp\/v2\/users\/1"}],"replies":[{"embeddable":true,"href":"https:\/\/euhera.com\/tr\/wp-json\/wp\/v2\/comments?post=9195"}],"version-history":[{"count":7,"href":"https:\/\/euhera.com\/tr\/wp-json\/wp\/v2\/pages\/9195\/revisions"}],"predecessor-version":[{"id":9459,"href":"https:\/\/euhera.com\/tr\/wp-json\/wp\/v2\/pages\/9195\/revisions\/9459"}],"wp:attachment":[{"href":"https:\/\/euhera.com\/tr\/wp-json\/wp\/v2\/media?parent=9195"}],"curies":[{"name":"wp","href":"https:\/\/api.w.org\/{rel}","templated":true}]}}