{"id":9187,"date":"2015-08-26T14:14:01","date_gmt":"2015-08-26T12:14:01","guid":{"rendered":"https:\/\/euhera.com\/euhera-blog\/"},"modified":"2025-01-17T07:44:39","modified_gmt":"2025-01-17T06:44:39","slug":"euhera-blog","status":"publish","type":"page","link":"https:\/\/euhera.com\/tr\/euhera-blog\/","title":{"rendered":"EUHERA Blog"},"content":{"rendered":"<section class=\"l-section wpb_row height_custom\"><div class=\"l-section-h i-cf\"><div class=\"g-cols vc_row via_grid cols_1 laptops-cols_inherit tablets-cols_inherit mobiles-cols_1 valign_top type_default stacking_default\"><div class=\"wpb_column vc_column_container\"><div class=\"vc_column-inner\"><form class=\"w-filter for_grid state_desktop us-field-style_1 layout_hor items_1 mod_side style_switch_default align_center drop_on_hover hide_item_title\" action onsubmit=\"return false;\" onclick='return {&quot;filterPrefix&quot;:&quot;filter&quot;,&quot;hideDisabledValues&quot;:false,&quot;layout&quot;:&quot;hor&quot;,&quot;mobileWidth&quot;:600,&quot;use_grid&quot;:&quot;first&quot;,&quot;gridNotFoundMessage&quot;:&quot;Nothing to filter. Add a suitable Grid to this page.&quot;}'><div class=\"w-filter-list\"><div class=\"w-filter-list-title\">Filters<\/div><button class=\"w-filter-list-closer\" title=\"Kapat\" aria-label=\"Kapat\"><\/button><div class=\"w-filter-item type_checkbox\" data-source=\"tax|category\"><button class=\"w-filter-item-title\">Kategori<span><\/span><\/button><a class=\"w-filter-item-reset\" href=\"#\" title=\"Reset\"><span>Reset<\/span><\/a><div class=\"w-filter-item-content\"><div class=\"w-filter-item-values\" data-maxheight=\"40vh\" style=\"max-height:40vh\"><div class=\"w-filter-item-value\" data-item-amount=\"2\"><label><input type=\"checkbox\" value=\"cress-tr\" name=\"filter_category\"><span class=\"w-filter-item-value-label\">Cress<\/span><span class=\"w-filter-item-value-amount\">2<\/span><\/label><\/div><div class=\"w-filter-item-value\" data-item-amount=\"1\"><label><input type=\"checkbox\" value=\"kendi-adimiza\" name=\"filter_category\"><span class=\"w-filter-item-value-label\">Kendi ad\u0131m\u0131za<\/span><span class=\"w-filter-item-value-amount\">1<\/span><\/label><\/div><\/div><\/div><\/div><\/div><div class=\"w-filter-list-panel\"><button class=\"w-btn us-btn-style_1\"><span class=\"w-btn-label\">Uygula<\/span><\/button><\/div><style>@media( max-width:600px ){.w-filter.state_desktop .w-filter-list,.w-filter-item-title>span{display:none}.w-filter-opener{display:inline-block}}<\/style><button class=\"w-filter-opener\"><span>Filters<\/span><\/button><div class=\"w-filter-json-filters-args hidden\" onclick='return {&quot;taxonomies_query_args&quot;:{&quot;tax|category&quot;:{&quot;cress-tr&quot;:{&quot;fields&quot;:&quot;ids&quot;,&quot;nopaging&quot;:true,&quot;post_status&quot;:[&quot;publish&quot;,&quot;inherit&quot;],&quot;post_type&quot;:[],&quot;posts_per_page&quot;:1,&quot;suppress_filters&quot;:true,&quot;tax_query&quot;:[{&quot;taxonomy&quot;:&quot;category&quot;,&quot;field&quot;:&quot;slug&quot;,&quot;terms&quot;:&quot;cress-tr&quot;}]},&quot;kendi-adimiza&quot;:{&quot;fields&quot;:&quot;ids&quot;,&quot;nopaging&quot;:true,&quot;post_status&quot;:[&quot;publish&quot;,&quot;inherit&quot;],&quot;post_type&quot;:[],&quot;posts_per_page&quot;:1,&quot;suppress_filters&quot;:true,&quot;tax_query&quot;:[{&quot;taxonomy&quot;:&quot;category&quot;,&quot;field&quot;:&quot;slug&quot;,&quot;terms&quot;:&quot;kendi-adimiza&quot;}]},&quot;unkategorisiert&quot;:{&quot;fields&quot;:&quot;ids&quot;,&quot;nopaging&quot;:true,&quot;post_status&quot;:[&quot;publish&quot;,&quot;inherit&quot;],&quot;post_type&quot;:[],&quot;posts_per_page&quot;:1,&quot;suppress_filters&quot;:true,&quot;tax_query&quot;:[{&quot;taxonomy&quot;:&quot;category&quot;,&quot;field&quot;:&quot;slug&quot;,&quot;terms&quot;:&quot;unkategorisiert&quot;}]}}}}'><\/div><\/form><div class=\"w-separator size_medium\"><\/div><div class=\"w-grid type_masonry layout_blog_11 cols_2 pagination_infinite with_isotope with_css_animation\" id=\"us_grid_1\" style=\"--columns:2;--gap:1.5rem;\" data-filterable=\"true\"><style>@media (max-width:600px){#us_grid_1{--columns:1!important}}.layout_blog_11 .w-grid-item-h{}.layout_blog_11 .usg_post_title_1{font-size:1.4rem!important;font-weight:700!important;margin-bottom:0.5rem!important}.layout_blog_11 .usg_hwrapper_1{color:var(--color-content-faded)!important;font-size:0.9rem!important}.layout_blog_11 .usg_post_taxonomy_1{font-weight:700!important;text-transform:uppercase!important}.layout_blog_11 .usg_post_image_1{margin-top:0.7rem!important}.layout_blog_11 .usg_post_content_1{max-width:600px!important;margin-top:0.8rem!important}@media (max-width:600px){.layout_blog_11 .usg_post_title_1{font-size:1.2rem!important}}<\/style><div class=\"w-grid-list\">\t<article class=\"w-grid-item us_animate_aft off_autostart size_1x1 post-9552 post type-post status-publish format-standard has-post-thumbnail hentry category-cress-tr tag-elbe-weser-saglik-kongresi tag-kongre tag-saglik-kongresi tag-stade\" data-id=\"9552\" style=\"animation-delay:0s\">\r\n\t\t<div class=\"w-grid-item-h\">\r\n\t\t\t\t\t\t<h2 class=\"w-post-elm post_title usg_post_title_1 entry-title color_link_inherit\"><a href=\"https:\/\/euhera.com\/tr\/euhera-pfh-hansecampus-stadede-duezenlenen-4-elbe-weser-saglik-kongresinde\/\">EUHERA, PFH Hansecampus Stade&#8217;de d\u00fczenlenen 4. Elbe-Weser Sa\u011fl\u0131k Kongresi&#8217;nde<\/a><\/h2><div class=\"w-hwrapper usg_hwrapper_1 has_text_color align_none valign_top wrap\"><div class=\"w-post-elm post_taxonomy usg_post_taxonomy_1 style_simple\"><a class=\"term-73 term-cress-tr\" href=\"https:\/\/euhera.com\/tr\/category\/cress-tr\/\">Cress<\/a><\/div><time class=\"w-post-elm post_date usg_post_date_1 entry-date published\" datetime=\"2025-08-29T07:42:43+02:00\" title=\"29 A\u011fustos 2025, 07:42:43 Europe\/Berlin\">8 ay \u00f6nce<\/time><\/div><div class=\"w-post-elm post_image usg_post_image_1 stretched\"><a href=\"https:\/\/euhera.com\/tr\/euhera-pfh-hansecampus-stadede-duezenlenen-4-elbe-weser-saglik-kongresinde\/\" aria-label=\"EUHERA, PFH Hansecampus Stade&#8217;de d\u00fczenlenen 4. Elbe-Weser Sa\u011fl\u0131k Kongresi&#8217;nde\"><img loading=\"lazy\" decoding=\"async\" width=\"819\" height=\"1024\" src=\"https:\/\/euhera.com\/wp-content\/uploads\/2025\/08\/Gesundheitskronress-stade-2025-819x1024.jpg\" class=\"attachment-large size-large wp-post-image\" alt=\"\" srcset=\"https:\/\/euhera.com\/wp-content\/uploads\/2025\/08\/Gesundheitskronress-stade-2025-819x1024.jpg 819w, https:\/\/euhera.com\/wp-content\/uploads\/2025\/08\/Gesundheitskronress-stade-2025-240x300.jpg 240w, https:\/\/euhera.com\/wp-content\/uploads\/2025\/08\/Gesundheitskronress-stade-2025-1229x1536.jpg 1229w, https:\/\/euhera.com\/wp-content\/uploads\/2025\/08\/Gesundheitskronress-stade-2025.jpg 1638w\" sizes=\"auto, (max-width: 819px) 100vw, 819px\" \/><\/a><\/div><div class=\"w-post-elm post_content usg_post_content_1\">Stade \/ PFH Hansecampus &#8211; 5-6 Eyl\u00fcl 2025 Bu 4. Elbe-Weser Sa\u011fl\u0131k Hizmetleri Kongresi bir kez daha doktorlar, hem\u015fireler ve di\u011fer sa\u011fl\u0131k \u00e7al\u0131\u015fanlar\u0131 aras\u0131nda profesyonel de\u011fi\u015fim i\u00e7in y\u00fcksek kalibreli bir&hellip;<\/div>\t\t<\/div>\r\n\t\t\t<\/article>\r\n\t<article class=\"w-grid-item us_animate_aft off_autostart size_1x1 post-9244 post type-post status-publish format-standard has-post-thumbnail hentry category-cress-tr\" data-id=\"9244\" style=\"animation-delay:0.1s\">\r\n\t\t<div class=\"w-grid-item-h\">\r\n\t\t\t\t\t\t<h2 class=\"w-post-elm post_title usg_post_title_1 entry-title color_link_inherit\"><a href=\"https:\/\/euhera.com\/tr\/yogun-bakimda-uluslararasi-perspektifler-yurtdisindan-uzmanlar-ve-antalyadaki-kongre\/\">Yo\u011fun bak\u0131mda uluslararas\u0131 perspektifler: yurtd\u0131\u015f\u0131ndan uzmanlar ve Antalya&#8217;daki kongre<\/a><\/h2><div class=\"w-hwrapper usg_hwrapper_1 has_text_color align_none valign_top wrap\"><div class=\"w-post-elm post_taxonomy usg_post_taxonomy_1 style_simple\"><a class=\"term-73 term-cress-tr\" href=\"https:\/\/euhera.com\/tr\/category\/cress-tr\/\">Cress<\/a><\/div><time class=\"w-post-elm post_date usg_post_date_1 entry-date published\" datetime=\"2024-12-07T09:40:36+01:00\" title=\"7 Aral\u0131k 2024, 09:40:36 Europe\/Berlin\">1 y\u0131l \u00f6nce<\/time><\/div><div class=\"w-post-elm post_image usg_post_image_1 stretched\"><a href=\"https:\/\/euhera.com\/tr\/yogun-bakimda-uluslararasi-perspektifler-yurtdisindan-uzmanlar-ve-antalyadaki-kongre\/\" aria-label=\"Yo\u011fun bak\u0131mda uluslararas\u0131 perspektifler: yurtd\u0131\u015f\u0131ndan uzmanlar ve Antalya&#8217;daki kongre\"><img loading=\"lazy\" decoding=\"async\" width=\"1024\" height=\"768\" src=\"https:\/\/euhera.com\/wp-content\/uploads\/2024\/12\/euhera-auf-intensivpflegekongress-1024x768.jpg\" class=\"attachment-large size-large wp-post-image\" alt=\"\" srcset=\"https:\/\/euhera.com\/wp-content\/uploads\/2024\/12\/euhera-auf-intensivpflegekongress-1024x768.jpg 1024w, https:\/\/euhera.com\/wp-content\/uploads\/2024\/12\/euhera-auf-intensivpflegekongress-300x225.jpg 300w, https:\/\/euhera.com\/wp-content\/uploads\/2024\/12\/euhera-auf-intensivpflegekongress-1536x1152.jpg 1536w, https:\/\/euhera.com\/wp-content\/uploads\/2024\/12\/euhera-auf-intensivpflegekongress.jpg 2000w\" sizes=\"auto, (max-width: 1024px) 100vw, 1024px\" \/><\/a><\/div><div class=\"w-post-elm post_content usg_post_content_1\">Nitelikli bak\u0131m personeli s\u0131k\u0131nt\u0131s\u0131 art\u0131k bir s\u0131r de\u011fil. Almanya ve di\u011fer Avrupa \u00fclkelerindeki pek \u00e7ok sa\u011fl\u0131k kurulu\u015fu, yurtd\u0131\u015f\u0131ndan gelen hem\u015firelerin deste\u011fine giderek daha fazla ba\u011f\u0131ml\u0131 hale geliyor. \u00d6zellikle yo\u011fun bak\u0131m&hellip;<\/div>\t\t<\/div>\r\n\t\t\t<\/article>\r\n\t<article class=\"w-grid-item us_animate_aft off_autostart size_1x1 post-9236 post type-post status-publish format-standard has-post-thumbnail hentry category-kendi-adimiza\" data-id=\"9236\" style=\"animation-delay:0.2s\">\r\n\t\t<div class=\"w-grid-item-h\">\r\n\t\t\t\t\t\t<h2 class=\"w-post-elm post_title usg_post_title_1 entry-title color_link_inherit\"><a href=\"https:\/\/euhera.com\/tr\/euhera-com-web-sitesinin-yeniden-lansmani-modern-tasarim-ve-daha-fazla-etkilesim\/\">euhera.com web sitesinin yeniden lansman\u0131: modern tasar\u0131m ve daha fazla etkile\u015fim<\/a><\/h2><div class=\"w-hwrapper usg_hwrapper_1 has_text_color align_none valign_top wrap\"><div class=\"w-post-elm post_taxonomy usg_post_taxonomy_1 style_simple\"><a class=\"term-71 term-kendi-adimiza\" href=\"https:\/\/euhera.com\/tr\/category\/kendi-adimiza\/\">Kendi ad\u0131m\u0131za<\/a><\/div><time class=\"w-post-elm post_date usg_post_date_1 entry-date published\" datetime=\"2024-12-05T12:32:15+01:00\" title=\"5 Aral\u0131k 2024, 12:32:15 Europe\/Berlin\">1 y\u0131l \u00f6nce<\/time><\/div><div class=\"w-post-elm post_image usg_post_image_1 stretched\"><a href=\"https:\/\/euhera.com\/tr\/euhera-com-web-sitesinin-yeniden-lansmani-modern-tasarim-ve-daha-fazla-etkilesim\/\" aria-label=\"euhera.com web sitesinin yeniden lansman\u0131: modern tasar\u0131m ve daha fazla etkile\u015fim\"><img loading=\"lazy\" decoding=\"async\" width=\"1024\" height=\"436\" src=\"https:\/\/euhera.com\/wp-content\/uploads\/2024\/04\/Euhera-GmbH-\u2013-Faire-Anwerbung-von-Pflegekraeften-1024x436.png\" class=\"attachment-large size-large wp-post-image\" alt=\"\" srcset=\"https:\/\/euhera.com\/wp-content\/uploads\/2024\/04\/Euhera-GmbH-\u2013-Faire-Anwerbung-von-Pflegekraeften-1024x436.png 1024w, https:\/\/euhera.com\/wp-content\/uploads\/2024\/04\/Euhera-GmbH-\u2013-Faire-Anwerbung-von-Pflegekraeften-300x128.png 300w, https:\/\/euhera.com\/wp-content\/uploads\/2024\/04\/Euhera-GmbH-\u2013-Faire-Anwerbung-von-Pflegekraeften-1536x654.png 1536w, https:\/\/euhera.com\/wp-content\/uploads\/2024\/04\/Euhera-GmbH-\u2013-Faire-Anwerbung-von-Pflegekraeften-500x213.png 500w, https:\/\/euhera.com\/wp-content\/uploads\/2024\/04\/Euhera-GmbH-\u2013-Faire-Anwerbung-von-Pflegekraeften-700x298.png 700w, https:\/\/euhera.com\/wp-content\/uploads\/2024\/04\/Euhera-GmbH-\u2013-Faire-Anwerbung-von-Pflegekraeften.png 1574w\" sizes=\"auto, (max-width: 1024px) 100vw, 1024px\" \/><\/a><\/div><div class=\"w-post-elm post_content usg_post_content_1\">euhera.com&#8217;un yeniden lansman\u0131n\u0131 sunmaktan mutluluk duyuyoruz! Web sitemiz sadece g\u00f6r\u00fcn\u00fcm\u00fcn\u00fc iyile\u015ftirmekle kalmay\u0131p ayn\u0131 zamanda \u00e7ok daha kullan\u0131c\u0131 dostu hale getiren yepyeni bir tasar\u0131ma kavu\u015ftu. Size daha iyi bir deneyim sunmak&hellip;<\/div>\t\t<\/div>\r\n\t\t\t<\/article>\r\n<\/div><div class=\"w-grid-preloader\">\t<div class=\"g-preloader type_1\">\r\n\t\t<div><\/div>\r\n\t<\/div>\r\n\t<\/div>\t<div class=\"w-grid-json hidden\" onclick='return {&quot;action&quot;:&quot;us_ajax_grid&quot;,&quot;infinite_scroll&quot;:0,&quot;max_num_pages&quot;:1,&quot;pagination&quot;:&quot;infinite&quot;,&quot;template_vars&quot;:{&quot;columns&quot;:&quot;2&quot;,&quot;exclude_items&quot;:&quot;none&quot;,&quot;img_size&quot;:&quot;default&quot;,&quot;ignore_items_size&quot;:0,&quot;items_layout&quot;:&quot;blog_11&quot;,&quot;items_offset&quot;:&quot;1&quot;,&quot;load_animation&quot;:&quot;aft&quot;,&quot;overriding_link&quot;:&quot;{\\&quot;url\\&quot;:\\&quot;\\&quot;}&quot;,&quot;post_id&quot;:0,&quot;query_args&quot;:{&quot;post_type&quot;:[&quot;post&quot;],&quot;post_status&quot;:[&quot;publish&quot;],&quot;posts_per_page&quot;:&quot;8&quot;},&quot;orderby_query_args&quot;:{&quot;orderby&quot;:{&quot;date&quot;:&quot;DESC&quot;}},&quot;type&quot;:&quot;masonry&quot;,&quot;us_grid_post_type&quot;:&quot;post&quot;,&quot;us_grid_ajax_index&quot;:1,&quot;us_grid_filter_query_string&quot;:null,&quot;us_grid_index&quot;:1,&quot;page_args&quot;:[],&quot;lang&quot;:&quot;tr&quot;}}'><\/div>\r\n\t<\/div><\/div><\/div><\/div><\/div><\/section>\n","protected":false},"excerpt":{"rendered":"euhera.com'un yeniden lansman\u0131n\u0131 sunmaktan mutluluk duyuyoruz! Web sitemiz sadece g\u00f6r\u00fcn\u00fcm\u00fcn\u00fc iyile\u015ftirmekle kalmay\u0131p ayn\u0131 zamanda \u00e7ok daha kullan\u0131c\u0131 dostu hale getiren yepyeni bir tasar\u0131ma kavu\u015ftu. Size daha iyi bir deneyim sunmak i\u00e7in bu projede \u00e7ok \u00e7al\u0131\u015ft\u0131k ve tutkuyla \u00e7al\u0131\u015ft\u0131k - ve \u00f6ne \u00e7\u0131kan \u00f6zellikleri size sunmak i\u00e7in sab\u0131rs\u0131zlan\u0131yoruz. Modern d\u00fczen: daha fazla netlik ve zarafet \u0130lk...","protected":false},"author":1,"featured_media":0,"parent":0,"menu_order":0,"comment_status":"closed","ping_status":"closed","template":"","meta":{"footnotes":""},"class_list":["post-9187","page","type-page","status-publish","hentry"],"_links":{"self":[{"href":"https:\/\/euhera.com\/tr\/wp-json\/wp\/v2\/pages\/9187","targetHints":{"allow":["GET"]}}],"collection":[{"href":"https:\/\/euhera.com\/tr\/wp-json\/wp\/v2\/pages"}],"about":[{"href":"https:\/\/euhera.com\/tr\/wp-json\/wp\/v2\/types\/page"}],"author":[{"embeddable":true,"href":"https:\/\/euhera.com\/tr\/wp-json\/wp\/v2\/users\/1"}],"replies":[{"embeddable":true,"href":"https:\/\/euhera.com\/tr\/wp-json\/wp\/v2\/comments?post=9187"}],"version-history":[{"count":2,"href":"https:\/\/euhera.com\/tr\/wp-json\/wp\/v2\/pages\/9187\/revisions"}],"predecessor-version":[{"id":9189,"href":"https:\/\/euhera.com\/tr\/wp-json\/wp\/v2\/pages\/9187\/revisions\/9189"}],"wp:attachment":[{"href":"https:\/\/euhera.com\/tr\/wp-json\/wp\/v2\/media?parent=9187"}],"curies":[{"name":"wp","href":"https:\/\/api.w.org\/{rel}","templated":true}]}}