{"id":9170,"date":"2013-12-12T12:01:54","date_gmt":"2013-12-12T11:01:54","guid":{"rendered":"https:\/\/euhera.com\/ortak\/"},"modified":"2025-01-17T07:44:40","modified_gmt":"2025-01-17T06:44:40","slug":"ortak","status":"publish","type":"page","link":"https:\/\/euhera.com\/tr\/ortak\/","title":{"rendered":"Ortak"},"content":{"rendered":"<section class=\"l-section wpb_row height_custom\"><div class=\"l-section-h i-cf\"><div class=\"g-cols vc_row via_grid cols_1 laptops-cols_inherit tablets-cols_inherit mobiles-cols_1 valign_top type_default stacking_default\"><div class=\"wpb_column vc_column_container\"><div class=\"vc_column-inner\"><div class=\"wpb_text_column\"><div class=\"wpb_wrapper\"><h2 style=\"text-align: center;\">Ortaklar\u0131m\u0131z \/ kliniklerimiz<\/h2>\n<\/div><\/div><div class=\"w-separator size_large\"><\/div><div class=\"w-grid us_post_list type_grid layout_portfolio_15 cols_3 preload_style_spinner with_css_animation ratio_1x1\" id=\"us_post_list_jb7e\" style=\"--columns:3;--gap:4px;--item-ratio:1;\" data-filterable=\"true\"><style>@media (max-width:1024px){#us_post_list_jb7e{--columns:2!important}}@media (max-width:600px){#us_post_list_jb7e{--columns:1!important}}.layout_portfolio_15 .w-grid-item-h{}.layout_portfolio_15 .usg_post_image_1{transition-duration:0.3s;transform-origin:50% 50%;transform:scale(1) translate(0%,0%)}.layout_portfolio_15 .w-grid-item-h:focus-within .usg_post_image_1,.layout_portfolio_15 .w-grid-item-h:hover .usg_post_image_1{transform:scale(1) translate(0%,0%);opacity:0}.layout_portfolio_15 .usg_post_title_1{transition-duration:0.3s;transform-origin:50% 50%;transform:scale(1) translate(0%,20px);opacity:0}.layout_portfolio_15 .w-grid-item-h:focus-within .usg_post_title_1,.layout_portfolio_15 .w-grid-item-h:hover .usg_post_title_1{transform:scale(1) translate(0%,0%);opacity:1}.layout_portfolio_15 .usg_post_taxonomy_1{transition-duration:0.3s;transform-origin:50% 50%;transform:scale(1) translate(20px,0%);opacity:0}.layout_portfolio_15 .w-grid-item-h:focus-within .usg_post_taxonomy_1,.layout_portfolio_15 .w-grid-item-h:hover .usg_post_taxonomy_1{transform:scale(1) translate(0%,0%);opacity:1}.layout_portfolio_15 .usg_post_image_1{position:absolute!important;top:0!important;right:0!important;bottom:0!important;left:0!important}.layout_portfolio_15 .usg_vwrapper_1{position:absolute!important;top:0!important;right:0!important;bottom:0!important;left:0!important;padding:2rem!important}.layout_portfolio_15 .usg_post_title_1{color:inherit!important;font-size:1.5rem!important}<\/style><div class=\"w-grid-list\">\t<article class=\"w-grid-item us_animate_fade size_1x1 post-9514 us_portfolio type-us_portfolio status-publish has-post-thumbnail hentry us_portfolio_category-klinik\" data-id=\"9514\" style=\"animation-delay:0s\">\r\n\t\t<div class=\"w-grid-item-h\">\r\n\t\t\t\t\t\t\t<a href=\"https:\/\/euhera.com\/tr\/partner\/elbe-kliniken-stade-buxtehude-gmbh\/\" class=\"w-grid-item-anchor\" aria-label=\"Elbe Kliniken Stade-Buxtehude GmbH\"><\/a>\r\n\t\t\t\t\t\t<div class=\"w-post-elm post_image usg_post_image_1 stretched\"><img loading=\"lazy\" decoding=\"async\" width=\"680\" height=\"454\" src=\"https:\/\/euhera.com\/wp-content\/uploads\/2014\/04\/Elbe-Klinikum-Stade.jpg\" class=\"attachment-large size-large wp-post-image\" alt=\"\" srcset=\"https:\/\/euhera.com\/wp-content\/uploads\/2014\/04\/Elbe-Klinikum-Stade.jpg 680w, https:\/\/euhera.com\/wp-content\/uploads\/2014\/04\/Elbe-Klinikum-Stade-300x200.jpg 300w, https:\/\/euhera.com\/wp-content\/uploads\/2014\/04\/Elbe-Klinikum-Stade-500x334.jpg 500w\" sizes=\"auto, (max-width: 680px) 100vw, 680px\" \/><\/div><div class=\"w-vwrapper usg_vwrapper_1 grid_style_15 align_none valign_top\"><h2 class=\"w-post-elm post_title usg_post_title_1 has_text_color entry-title color_link_inherit\">Elbe Kliniken Stade-Buxtehude GmbH<\/h2><div class=\"w-post-elm post_taxonomy usg_post_taxonomy_1 style_simple color_link_inherit\"><span class=\"term-74 term-klinik\">Klinik<\/span><\/div><\/div>\t\t<\/div>\r\n\t\t\t<\/article>\r\n\t<article class=\"w-grid-item us_animate_fade size_1x1 post-9265 us_portfolio type-us_portfolio status-publish has-post-thumbnail hentry us_portfolio_category-klinik\" data-id=\"9265\" style=\"animation-delay:0.1s\">\r\n\t\t<div class=\"w-grid-item-h\">\r\n\t\t\t\t\t\t\t<a href=\"https:\/\/euhera.com\/tr\/partner\/ostemed-klinik-bremervoerde\/\" class=\"w-grid-item-anchor\" aria-label=\"OsteMed Klinik Bremerv\u00f6rde\"><\/a>\r\n\t\t\t\t\t\t<div class=\"w-post-elm post_image usg_post_image_1 stretched\"><img loading=\"lazy\" decoding=\"async\" width=\"680\" height=\"454\" src=\"https:\/\/euhera.com\/wp-content\/uploads\/2014\/04\/OsteMed-Klinik-Bremervoerde.jpg\" class=\"attachment-large size-large wp-post-image\" alt=\"OsteMed Klinik Bremerv\u00f6rde\" srcset=\"https:\/\/euhera.com\/wp-content\/uploads\/2014\/04\/OsteMed-Klinik-Bremervoerde.jpg 680w, https:\/\/euhera.com\/wp-content\/uploads\/2014\/04\/OsteMed-Klinik-Bremervoerde-300x200.jpg 300w\" sizes=\"auto, (max-width: 680px) 100vw, 680px\" \/><\/div><div class=\"w-vwrapper usg_vwrapper_1 grid_style_15 align_none valign_top\"><h2 class=\"w-post-elm post_title usg_post_title_1 has_text_color entry-title color_link_inherit\">OsteMed Klinik Bremerv\u00f6rde<\/h2><div class=\"w-post-elm post_taxonomy usg_post_taxonomy_1 style_simple color_link_inherit\"><span class=\"term-74 term-klinik\">Klinik<\/span><\/div><\/div>\t\t<\/div>\r\n\t\t\t<\/article>\r\n<\/div><div class=\"g-loadmore hidden\"><div class=\"g-preloader type_1\"><div><\/div><\/div><\/div><div class=\"w-grid-list-json hidden\" onclick='return {&quot;max_num_pages&quot;:0,&quot;pagination&quot;:&quot;none&quot;,&quot;paged&quot;:1,&quot;ajaxData&quot;:{&quot;action&quot;:&quot;us_ajax_post_list&quot;,&quot;meta_type&quot;:&quot;post&quot;,&quot;object_id&quot;:0,&quot;template_vars&quot;:{&quot;paged&quot;:1,&quot;max_num_pages&quot;:0,&quot;no_results&quot;:false,&quot;source&quot;:&quot;all&quot;,&quot;ids&quot;:&quot;&quot;,&quot;post_type&quot;:&quot;us_portfolio&quot;,&quot;attachment_ids&quot;:null,&quot;include_post_thumbnail&quot;:0,&quot;post_author&quot;:&quot;any&quot;,&quot;post_author_ids&quot;:&quot;&quot;,&quot;apply_url_params&quot;:0,&quot;exclude_children&quot;:0,&quot;exclude_current_post&quot;:1,&quot;exclude_prev_posts&quot;:0,&quot;enable_items_offset&quot;:0,&quot;items_offset&quot;:&quot;1&quot;,&quot;tax_query_relation&quot;:&quot;none&quot;,&quot;tax_query&quot;:[{&quot;operator&quot;:&quot;IN&quot;,&quot;taxonomy&quot;:&quot;category&quot;,&quot;terms&quot;:&quot;&quot;,&quot;include_children&quot;:0}],&quot;meta_query_relation&quot;:&quot;none&quot;,&quot;meta_query&quot;:[{&quot;key&quot;:&quot;custom_field_name&quot;,&quot;compare&quot;:&quot;=&quot;,&quot;value&quot;:&quot;&quot;}],&quot;orderby&quot;:&quot;date&quot;,&quot;orderby_custom_field&quot;:&quot;&quot;,&quot;orderby_custom_type&quot;:0,&quot;order_invert&quot;:&quot;1&quot;,&quot;show_all&quot;:&quot;1&quot;,&quot;quantity&quot;:&quot;12&quot;,&quot;no_items_action&quot;:&quot;message&quot;,&quot;no_items_message&quot;:&quot;Herhangi bir sonu\\u00e7 bulunamad\\u0131.&quot;,&quot;no_items_page_block&quot;:&quot;&quot;,&quot;pagination&quot;:&quot;none&quot;,&quot;pagination_style&quot;:&quot;&quot;,&quot;pagination_btn_text&quot;:&quot;Daha fazla&quot;,&quot;pagination_btn_size&quot;:&quot;&quot;,&quot;pagination_btn_style&quot;:&quot;1&quot;,&quot;pagination_btn_fullwidth&quot;:0,&quot;items_layout&quot;:&quot;portfolio_15&quot;,&quot;type&quot;:&quot;grid&quot;,&quot;items_valign&quot;:0,&quot;ignore_items_size&quot;:0,&quot;columns&quot;:&quot;3&quot;,&quot;items_gap&quot;:&quot;4px&quot;,&quot;load_animation&quot;:&quot;fade&quot;,&quot;items_preload_style&quot;:&quot;spinner&quot;,&quot;img_size&quot;:&quot;default&quot;,&quot;title_size&quot;:&quot;&quot;,&quot;items_ratio&quot;:&quot;default&quot;,&quot;items_ratio_width&quot;:&quot;21&quot;,&quot;items_ratio_height&quot;:&quot;9&quot;,&quot;overriding_link&quot;:&quot;%7B%22type%22%3A%22post%22%7D&quot;,&quot;popup_width&quot;:&quot;&quot;,&quot;popup_arrows&quot;:1,&quot;breakpoint_1_width&quot;:&quot;1381px&quot;,&quot;breakpoint_1_cols&quot;:&quot;default&quot;,&quot;breakpoint_1_quantity&quot;:&quot;&quot;,&quot;breakpoint_1_gap&quot;:&quot;&quot;,&quot;breakpoint_2_width&quot;:&quot;1025px&quot;,&quot;breakpoint_2_cols&quot;:&quot;2&quot;,&quot;breakpoint_2_quantity&quot;:&quot;&quot;,&quot;breakpoint_2_gap&quot;:&quot;&quot;,&quot;breakpoint_3_width&quot;:&quot;601px&quot;,&quot;breakpoint_3_cols&quot;:&quot;1&quot;,&quot;breakpoint_3_quantity&quot;:&quot;&quot;,&quot;breakpoint_3_gap&quot;:&quot;&quot;,&quot;conditions_operator&quot;:&quot;always&quot;,&quot;conditions&quot;:[],&quot;css&quot;:null,&quot;el_class&quot;:&quot;&quot;,&quot;el_id&quot;:&quot;&quot;,&quot;enable_custom_html_atts&quot;:0,&quot;custom_html_atts&quot;:null,&quot;hide_on_states&quot;:&quot;&quot;,&quot;hide_for_sticky&quot;:0,&quot;hide_for_not_sticky&quot;:0,&quot;hide_below&quot;:&quot;0px&quot;,&quot;hide_above&quot;:&quot;0px&quot;,&quot;classes&quot;:&quot;&quot;}},&quot;facetedFilter&quot;:[]}'><\/div><\/div><\/div><\/div><\/div><\/div><\/section>\n","protected":false},"excerpt":{"rendered":"\u015eirket Profili A\u015fa\u011f\u0131 Saksonya&#8217;da Stade ve Buxtehude&#8217;de bulunan belediye hastane grubu. Tedarik teklifi Modern te\u015fhis, cerrahi, dahiliye, kad\u0131n do\u011fum, pediatri ve uzmanl\u0131k b\u00f6l\u00fcmleri dahil olmak \u00fczere temel bak\u0131mdan uzman bak\u0131ma kadar geni\u015f bir yelpazede t\u0131bbi hizmetler. Altyap\u0131 Modern ekipman, disiplinler aras\u0131 ekipler, kapsaml\u0131 acil t\u0131p ve b\u00f6lgesel sa\u011fl\u0131k hizmeti ortaklar\u0131yla yak\u0131n i\u015fbirli\u011fi. Hasta odakl\u0131l\u0131k Y\u00fcksek...","protected":false},"author":1,"featured_media":0,"parent":0,"menu_order":0,"comment_status":"closed","ping_status":"closed","template":"","meta":{"footnotes":""},"class_list":["post-9170","page","type-page","status-publish","hentry"],"_links":{"self":[{"href":"https:\/\/euhera.com\/tr\/wp-json\/wp\/v2\/pages\/9170","targetHints":{"allow":["GET"]}}],"collection":[{"href":"https:\/\/euhera.com\/tr\/wp-json\/wp\/v2\/pages"}],"about":[{"href":"https:\/\/euhera.com\/tr\/wp-json\/wp\/v2\/types\/page"}],"author":[{"embeddable":true,"href":"https:\/\/euhera.com\/tr\/wp-json\/wp\/v2\/users\/1"}],"replies":[{"embeddable":true,"href":"https:\/\/euhera.com\/tr\/wp-json\/wp\/v2\/comments?post=9170"}],"version-history":[{"count":3,"href":"https:\/\/euhera.com\/tr\/wp-json\/wp\/v2\/pages\/9170\/revisions"}],"predecessor-version":[{"id":9177,"href":"https:\/\/euhera.com\/tr\/wp-json\/wp\/v2\/pages\/9170\/revisions\/9177"}],"wp:attachment":[{"href":"https:\/\/euhera.com\/tr\/wp-json\/wp\/v2\/media?parent=9170"}],"curies":[{"name":"wp","href":"https:\/\/api.w.org\/{rel}","templated":true}]}}